{"id":167,"date":"2023-10-20T10:12:42","date_gmt":"2023-10-20T08:12:42","guid":{"rendered":"https:\/\/europe-land.eu\/?page_id=167"},"modified":"2026-03-27T10:55:21","modified_gmt":"2026-03-27T09:55:21","slug":"contact","status":"publish","type":"page","link":"https:\/\/europe-land.eu\/sk\/contact\/","title":{"rendered":"Kontakt"},"content":{"rendered":"<p><strong>Franziska Wolf<\/strong><\/p>\n\n\n\n<p>Univerzita aplikovan\u00fdch vied v Hamburgu<br>Fakulta pr\u00edrodn\u00fdch vied<br>Research and Transfer Centre \u201eSustainable Development and Climate Change Management\u201c<\/p>\n\n\n\n<p>Ulmenliet 20<br>D-21033 Hamburg, Nemecko<\/p>\n\n\n\n<p><a href=\"mailto:info@europe-land.eu\" target=\"_blank\" rel=\"noreferrer noopener\">info@europe-land.eu<\/a><\/p>\n\n\n\n<p>T +49 40 428 75 6324<br>F +49 40 428 75 6079<\/p>\n\n\n<div class=\"wp-block-ub-divider ub_divider ub-divider-orientation-horizontal\" id=\"ub_divider_fc24d9ec-a8f9-41ae-bfa1-be2eaddea81a\"><div class=\"ub_divider_wrapper\" style=\"position: relative; margin-bottom: 2px; width: 100%; height: 2px; \" data-divider-alignment=\"center\"><div class=\"ub_divider_line\" style=\"border-top: 2px solid #ccc; margin-top: 2px; \"><\/div><\/div><\/div>\n\n\n<h3 class=\"wp-block-heading\"><strong>Zodpovednos\u0165 v s\u00falade so z\u00e1konom o telem\u00e9di\u00e1ch (TMG) \u00a75:<\/strong><\/h3>\n\n\n\n<p>Univerzita aplikovan\u00fdch vied v Hamburgu (HAW Hamburg)<br>Berliner Tor 5<br>20099 Hamburg<br>Nemecko<\/p>\n\n\n\n<p>Tel: +49.40.428 75-0<br>Fax: +49.40.428 75 91 49<\/p>\n\n\n<div class=\"wp-block-ub-divider ub_divider ub-divider-orientation-horizontal\" id=\"ub_divider_2dcda59f-287d-45ed-841d-cae8a9728808\"><div class=\"ub_divider_wrapper\" style=\"position: relative; margin-bottom: 2px; width: 100%; height: 2px; \" data-divider-alignment=\"center\"><div class=\"ub_divider_line\" style=\"border-top: 2px solid #ccc; margin-top: 2px; \"><\/div><\/div><\/div>\n\n\n<h3 class=\"wp-block-heading\"><strong>Pr\u00e1vna forma a pr\u00e1vne zast\u00fapenie<\/strong><\/h3>\n\n\n\n<p>HAW Hamburg (Hamburg University of Applied Sciences) je verejnopr\u00e1vna korpor\u00e1cia.<br>HAW Hamburg pr\u00e1vne zastupuje Prof. Dr. Ute Lohrentz, prezidentka HAW Hamburg, Berliner Tor 5, D-20099 Hamburg.<br>Regula\u010dn\u00fdm org\u00e1nom je \u00darad pre vedu a v\u00fdskum Slobodn\u00e9ho a hanzov\u00e9ho mesta Hamburg, Hamburger Stra\u00dfe 37, D-22083 Hamburg.<br>I\u010c DPH: DE 246571598<\/p>\n\n\n<div class=\"wp-block-ub-divider ub_divider ub-divider-orientation-horizontal\" id=\"ub_divider_d279c789-a1ea-4bf1-80cc-0ba9bba56733\"><div class=\"ub_divider_wrapper\" style=\"position: relative; margin-bottom: 2px; width: 100%; height: 2px; \" data-divider-alignment=\"center\"><div class=\"ub_divider_line\" style=\"border-top: 2px solid #ccc; margin-top: 2px; \"><\/div><\/div><\/div>\n\n\n<h3 class=\"wp-block-heading\"><strong>Zodpovednos\u0165 za obsah tejto webovej str\u00e1nky<\/strong><\/h3>\n\n\n\n<p>Prof. Dr. Walter Leal<br>Ved\u00faci v\u00fdskumn\u00e9ho a transferov\u00e9ho centra \"Aplik\u00e1cie biologick\u00fdch vied\"<br>HAW Hamburg, Fakulta pr\u00edrodn\u00fdch vied<br>Ulmenliet 20<br>21033 Hamburg<\/p>\n\n\n\n<p>Tel: +49 4042875 6313<br>Fax: +49 4042875 6079<\/p>\n\n\n\n<p>Webdesign: Ralf Erat, <a rel=\"noreferrer noopener\" href=\"https:\/\/seitenprofi.de\" target=\"_blank\">seitenprofi.de<\/a><\/p>\n\n\n\n<p>Obr\u00e1zky: <a rel=\"noreferrer noopener\" href=\"https:\/\/pixabay.com\" target=\"_blank\">pixabay<\/a><\/p>\n\n\n<div class=\"wp-block-ub-divider ub_divider ub-divider-orientation-horizontal\" id=\"ub_divider_52f9ebee-17d0-4e62-867a-30d17309a636\"><div class=\"ub_divider_wrapper\" style=\"position: relative; margin-bottom: 2px; width: 100%; height: 2px; \" data-divider-alignment=\"center\"><div class=\"ub_divider_line\" style=\"border-top: 2px solid #ccc; margin-top: 2px; \"><\/div><\/div><\/div>\n\n\n<h3 class=\"wp-block-heading\"><strong>Zrieknutie sa zodpovednosti<\/strong><\/h3>\n\n\n\n<p><strong>Obmedzenie zodpovednosti za intern\u00fd obsah<\/strong><br>Obsah na\u0161ej webovej str\u00e1nky bol zostaven\u00fd s d\u00f4kladnou starostlivos\u0165ou a pod\u013ea na\u0161ich najlep\u0161\u00edch vedomost\u00ed. Nem\u00f4\u017eeme v\u0161ak prevzia\u0165 \u017eiadnu zodpovednos\u0165 za aktu\u00e1lnos\u0165, \u00faplnos\u0165 alebo presnos\u0165 ktorejko\u013evek zo str\u00e1nok.<\/p>\n\n\n\n<p>Pod\u013ea \u00a7 7 ods. 1 TMG (Telemediengesetz - z\u00e1kon o telem\u00e9di\u00e1ch pod\u013ea nemeck\u00e9ho pr\u00e1va) sme ako poskytovatelia slu\u017eieb zodpovedn\u00ed za vlastn\u00fd obsah na t\u00fdchto str\u00e1nkach v s\u00falade so v\u0161eobecn\u00fdmi z\u00e1konmi. Pod\u013ea \u00a7 8 a\u017e 10 TMG v\u0161ak my ako poskytovatelia slu\u017eieb nie sme povinn\u00ed monitorova\u0165 extern\u00e9 inform\u00e1cie poskytovan\u00e9 alebo ulo\u017een\u00e9 na na\u0161ich webov\u00fdch str\u00e1nkach. Akon\u00e1hle sa dozvieme o konkr\u00e9tnom poru\u0161en\u00ed z\u00e1kona, pr\u00edslu\u0161n\u00fd obsah okam\u017eite odstr\u00e1nime. Ak\u00e1ko\u013evek zodpovednos\u0165 t\u00fdkaj\u00faca sa tejto z\u00e1le\u017eitosti m\u00f4\u017ee by\u0165 prevzat\u00e1 a\u017e od okamihu, ke\u010f sme sa o poru\u0161en\u00ed dozvedeli.<\/p>\n\n\n\n<p><strong>Obmedzenie zodpovednosti za extern\u00e9 odkazy<\/strong><br>Na\u0161a webov\u00e1 str\u00e1nka obsahuje odkazy na webov\u00e9 str\u00e1nky tret\u00edch str\u00e1n (\"extern\u00e9 odkazy\"). Ke\u010f\u017ee obsah t\u00fdchto webov\u00fdch str\u00e1nok nie je pod na\u0161ou kontrolou, nem\u00f4\u017eeme za tak\u00fdto extern\u00fd obsah prevzia\u0165 \u017eiadnu zodpovednos\u0165. Vo v\u0161etk\u00fdch pr\u00edpadoch je za obsah a spr\u00e1vnos\u0165 poskytnut\u00fdch inform\u00e1ci\u00ed zodpovedn\u00fd poskytovate\u013e inform\u00e1ci\u00ed na prepojen\u00fdch webov\u00fdch str\u00e1nkach. V \u010dase, ke\u010f boli odkazy umiestnen\u00e9, sme nepoznali \u017eiadne poru\u0161enie z\u00e1kona. Akon\u00e1hle n\u00e1m bude poru\u0161enie z\u00e1kona zn\u00e1me, pr\u00edslu\u0161n\u00fd odkaz okam\u017eite odstr\u00e1nime.<\/p>\n\n\n\n<p><strong>Autorsk\u00e9 pr\u00e1va<\/strong><br>Obsah a diela uverejnen\u00e9 na tejto webovej str\u00e1nke sa riadia nemeck\u00fdmi z\u00e1konmi o autorsk\u00fdch pr\u00e1vach. Ak\u00e9ko\u013evek kop\u00edrovanie, spracovanie, \u0161\u00edrenie alebo ak\u00e1ko\u013evek forma pou\u017eitia nad r\u00e1mec autorsk\u00e9ho pr\u00e1va si vy\u017eaduje predch\u00e1dzaj\u00faci p\u00edsomn\u00fd s\u00fahlas pr\u00edslu\u0161n\u00e9ho autora alebo autorov.<\/p>","protected":false},"excerpt":{"rendered":"<p>Franziska Wolf Hamburg University of Applied SciencesFaculty of Life SciencesResearch and Transfer Centre \u201eSustainable Development and Climate Change Management\u201c Ulmenliet 20D-21033 Hamburg, Germany info@europe-land.eu T&hellip;<\/p>","protected":false},"author":1,"featured_media":0,"parent":0,"menu_order":0,"comment_status":"closed","ping_status":"closed","template":"","meta":{"footnotes":""},"class_list":["post-167","page","type-page","status-publish","hentry"],"featured_image_url":[],"post_author":"Ralf","assigned_categories":"","featured_image_src":null,"_links":{"self":[{"href":"https:\/\/europe-land.eu\/sk\/wp-json\/wp\/v2\/pages\/167","targetHints":{"allow":["GET"]}}],"collection":[{"href":"https:\/\/europe-land.eu\/sk\/wp-json\/wp\/v2\/pages"}],"about":[{"href":"https:\/\/europe-land.eu\/sk\/wp-json\/wp\/v2\/types\/page"}],"author":[{"embeddable":true,"href":"https:\/\/europe-land.eu\/sk\/wp-json\/wp\/v2\/users\/1"}],"replies":[{"embeddable":true,"href":"https:\/\/europe-land.eu\/sk\/wp-json\/wp\/v2\/comments?post=167"}],"version-history":[{"count":3,"href":"https:\/\/europe-land.eu\/sk\/wp-json\/wp\/v2\/pages\/167\/revisions"}],"predecessor-version":[{"id":2213,"href":"https:\/\/europe-land.eu\/sk\/wp-json\/wp\/v2\/pages\/167\/revisions\/2213"}],"wp:attachment":[{"href":"https:\/\/europe-land.eu\/sk\/wp-json\/wp\/v2\/media?parent=167"}],"curies":[{"name":"wp","href":"https:\/\/api.w.org\/{rel}","templated":true}]}}