{"id":167,"date":"2023-10-20T10:12:42","date_gmt":"2023-10-20T08:12:42","guid":{"rendered":"https:\/\/europe-land.eu\/?page_id=167"},"modified":"2026-03-27T10:55:21","modified_gmt":"2026-03-27T09:55:21","slug":"contact","status":"publish","type":"page","link":"https:\/\/europe-land.eu\/ro\/contact\/","title":{"rendered":"Persoan\u0103 de contact"},"content":{"rendered":"<p><strong>Franziska Wolf<\/strong><\/p>\n\n\n\n<p>Universitatea de \u0218tiin\u021be Aplicate din Hamburg<br>Facultatea de \u0218tiin\u021be ale Vie\u021bii<br>Research and Transfer Centre \u201eSustainable Development and Climate Change Management\u201c<\/p>\n\n\n\n<p>Ulmenliet 20<br>D-21033 Hamburg, Germania<\/p>\n\n\n\n<p><a href=\"mailto:info@europe-land.eu\" target=\"_blank\" rel=\"noreferrer noopener\">info@europe-land.eu<\/a><\/p>\n\n\n\n<p>T +49 40 428 75 6324<br>F +49 40 428 75 6079<\/p>\n\n\n<div class=\"wp-block-ub-divider ub_divider ub-divider-orientation-horizontal\" id=\"ub_divider_fc24d9ec-a8f9-41ae-bfa1-be2eaddea81a\"><div class=\"ub_divider_wrapper\" style=\"position: relative; margin-bottom: 2px; width: 100%; height: 2px; \" data-divider-alignment=\"center\"><div class=\"ub_divider_line\" style=\"border-top: 2px solid #ccc; margin-top: 2px; \"><\/div><\/div><\/div>\n\n\n<h3 class=\"wp-block-heading\"><strong>Responsabil \u00een conformitate cu Legea privind Telemedia (TMG) \u00a75:<\/strong><\/h3>\n\n\n\n<p>Universitatea de \u0218tiin\u021be Aplicate din Hamburg (HAW Hamburg)<br>Berliner Tor 5<br>20099 Hamburg<br>Germania<\/p>\n\n\n\n<p>Tel: +49.40.428 75-0<br>Fax: +49.40.428 75 91 49<\/p>\n\n\n<div class=\"wp-block-ub-divider ub_divider ub-divider-orientation-horizontal\" id=\"ub_divider_2dcda59f-287d-45ed-841d-cae8a9728808\"><div class=\"ub_divider_wrapper\" style=\"position: relative; margin-bottom: 2px; width: 100%; height: 2px; \" data-divider-alignment=\"center\"><div class=\"ub_divider_line\" style=\"border-top: 2px solid #ccc; margin-top: 2px; \"><\/div><\/div><\/div>\n\n\n<h3 class=\"wp-block-heading\"><strong>Forma juridic\u0103 \u0219i reprezentarea juridic\u0103<\/strong><\/h3>\n\n\n\n<p>HAW Hamburg (Universitatea de \u0218tiin\u021be Aplicate din Hamburg) este o corpora\u021bie de drept public.<br>HAW Hamburg este reprezentat\u0103 legal de Prof. Dr. Ute Lohrentz, pre\u0219edinte al HAW Hamburg, Berliner Tor 5, D-20099 Hamburg.<br>Autoritatea de reglementare este autoritatea pentru \u0219tiin\u021b\u0103 \u0219i cercetare a ora\u0219ului liber \u0219i hanseatic Hamburg, Hamburger Stra\u00dfe 37, D-22083 Hamburg.<br>Num\u0103rul de identificare TVA: DE 246571598<\/p>\n\n\n<div class=\"wp-block-ub-divider ub_divider ub-divider-orientation-horizontal\" id=\"ub_divider_d279c789-a1ea-4bf1-80cc-0ba9bba56733\"><div class=\"ub_divider_wrapper\" style=\"position: relative; margin-bottom: 2px; width: 100%; height: 2px; \" data-divider-alignment=\"center\"><div class=\"ub_divider_line\" style=\"border-top: 2px solid #ccc; margin-top: 2px; \"><\/div><\/div><\/div>\n\n\n<h3 class=\"wp-block-heading\"><strong>Responsabil pentru con\u021binutul acestui site web<\/strong><\/h3>\n\n\n\n<p>Prof. Dr. Walter Leal<br>\u0218eful Centrului de cercetare \u0219i transfer \"Aplica\u021bii ale \u0219tiin\u021belor vie\u021bii\"<br>HAW Hamburg, Facultatea de \u0218tiin\u021be ale Vie\u021bii<br>Ulmenliet 20<br>21033 Hamburg<\/p>\n\n\n\n<p>Tel.: +49 4042875 6313<br>Fax: +49 4042875 6079<\/p>\n\n\n\n<p>Webdesign: Ralf Erat, <a rel=\"noreferrer noopener\" href=\"https:\/\/seitenprofi.de\" target=\"_blank\">seitenprofi.de<\/a><\/p>\n\n\n\n<p>Imagini: <a rel=\"noreferrer noopener\" href=\"https:\/\/pixabay.com\" target=\"_blank\">pixabay<\/a><\/p>\n\n\n<div class=\"wp-block-ub-divider ub_divider ub-divider-orientation-horizontal\" id=\"ub_divider_52f9ebee-17d0-4e62-867a-30d17309a636\"><div class=\"ub_divider_wrapper\" style=\"position: relative; margin-bottom: 2px; width: 100%; height: 2px; \" data-divider-alignment=\"center\"><div class=\"ub_divider_line\" style=\"border-top: 2px solid #ccc; margin-top: 2px; \"><\/div><\/div><\/div>\n\n\n<h3 class=\"wp-block-heading\"><strong>Disclaimer<\/strong><\/h3>\n\n\n\n<p><strong>Limitarea r\u0103spunderii pentru con\u021binutul intern<\/strong><br>Con\u021binutul site-ului nostru a fost compilat cu o aten\u021bie meticuloas\u0103 \u0219i \u00een limita cuno\u0219tin\u021belor noastre. Cu toate acestea, nu ne putem asuma nicio r\u0103spundere pentru actualitatea, exhaustivitatea sau acurate\u021bea niciuneia dintre pagini.<\/p>\n\n\n\n<p>\u00cen conformitate cu sec\u021biunea 7, alin. 1 din TMG (Telemediengesetz - Legea privind tele-media conform legisla\u021biei germane), noi, \u00een calitate de furnizori de servicii, suntem r\u0103spunz\u0103tori pentru propriul nostru con\u021binut de pe aceste pagini \u00een conformitate cu legisla\u021bia general\u0103. Cu toate acestea, \u00een conformitate cu sec\u021biunile 8-10 din TMG, noi, \u00een calitate de furnizori de servicii, nu suntem obliga\u021bi s\u0103 monitoriz\u0103m informa\u021biile externe furnizate sau stocate pe site-ul nostru. Odat\u0103 ce am luat cuno\u0219tin\u021b\u0103 de o \u00eenc\u0103lcare specific\u0103 a legii, vom elimina imediat con\u021binutul \u00een cauz\u0103. Orice r\u0103spundere cu privire la acest aspect poate fi asumat\u0103 numai din momentul \u00een care ne este adus\u0103 la cuno\u0219tin\u021b\u0103 \u00eenc\u0103lcarea.<\/p>\n\n\n\n<p><strong>Limitarea r\u0103spunderii pentru linkurile externe<\/strong><br>Site-ul nostru web con\u021bine linkuri c\u0103tre site-uri web ale unor ter\u021be p\u0103r\u021bi (\"linkuri externe\"). Deoarece con\u021binutul acestor site-uri web nu se afl\u0103 sub controlul nostru, nu ne putem asuma nicio r\u0103spundere pentru acest con\u021binut extern. \u00cen toate cazurile, furnizorul de informa\u021bii de pe site-urile legate este responsabil pentru con\u021binutul \u0219i acurate\u021bea informa\u021biilor furnizate. \u00cen momentul \u00een care au fost plasate linkurile, nu am putut constata nicio \u00eenc\u0103lcare a legii. De \u00eendat\u0103 ce ne este adus\u0103 la cuno\u0219tin\u021b\u0103 o \u00eenc\u0103lcare a legii, vom elimina imediat link-ul \u00een cauz\u0103.<\/p>\n\n\n\n<p><strong>Drepturi de autor<\/strong><br>Con\u021binutul \u0219i lucr\u0103rile publicate pe acest site web sunt reglementate de legisla\u021bia privind drepturile de autor din Germania. Orice duplicare, prelucrare, distribuire sau orice form\u0103 de utilizare care dep\u0103\u0219e\u0219te domeniul de aplicare al legisla\u021biei privind drepturile de autor necesit\u0103 acordul prealabil scris al autorului sau autorilor \u00een cauz\u0103.<\/p>","protected":false},"excerpt":{"rendered":"<p>Franziska Wolf Hamburg University of Applied SciencesFaculty of Life SciencesResearch and Transfer Centre \u201eSustainable Development and Climate Change Management\u201c Ulmenliet 20D-21033 Hamburg, Germany info@europe-land.eu T&hellip;<\/p>","protected":false},"author":1,"featured_media":0,"parent":0,"menu_order":0,"comment_status":"closed","ping_status":"closed","template":"","meta":{"footnotes":""},"class_list":["post-167","page","type-page","status-publish","hentry"],"featured_image_url":[],"post_author":"Ralf","assigned_categories":"","featured_image_src":null,"_links":{"self":[{"href":"https:\/\/europe-land.eu\/ro\/wp-json\/wp\/v2\/pages\/167","targetHints":{"allow":["GET"]}}],"collection":[{"href":"https:\/\/europe-land.eu\/ro\/wp-json\/wp\/v2\/pages"}],"about":[{"href":"https:\/\/europe-land.eu\/ro\/wp-json\/wp\/v2\/types\/page"}],"author":[{"embeddable":true,"href":"https:\/\/europe-land.eu\/ro\/wp-json\/wp\/v2\/users\/1"}],"replies":[{"embeddable":true,"href":"https:\/\/europe-land.eu\/ro\/wp-json\/wp\/v2\/comments?post=167"}],"version-history":[{"count":3,"href":"https:\/\/europe-land.eu\/ro\/wp-json\/wp\/v2\/pages\/167\/revisions"}],"predecessor-version":[{"id":2213,"href":"https:\/\/europe-land.eu\/ro\/wp-json\/wp\/v2\/pages\/167\/revisions\/2213"}],"wp:attachment":[{"href":"https:\/\/europe-land.eu\/ro\/wp-json\/wp\/v2\/media?parent=167"}],"curies":[{"name":"wp","href":"https:\/\/api.w.org\/{rel}","templated":true}]}}