{"id":167,"date":"2023-10-20T10:12:42","date_gmt":"2023-10-20T08:12:42","guid":{"rendered":"https:\/\/europe-land.eu\/?page_id=167"},"modified":"2026-03-27T10:55:21","modified_gmt":"2026-03-27T09:55:21","slug":"contact","status":"publish","type":"page","link":"https:\/\/europe-land.eu\/pt\/contact\/","title":{"rendered":"Contacto"},"content":{"rendered":"<p><strong>Franziska Wolf<\/strong><\/p>\n\n\n\n<p>Universidade de Ci\u00eancias Aplicadas de Hamburgo<br>Faculdade de Ci\u00eancias da Vida<br>Research and Transfer Centre \u201eSustainable Development and Climate Change Management\u201c<\/p>\n\n\n\n<p>Ulmenliet 20<br>D-21033 Hamburgo, Alemanha<\/p>\n\n\n\n<p><a href=\"mailto:info@europe-land.eu\" target=\"_blank\" rel=\"noreferrer noopener\">info@europe-land.eu<\/a><\/p>\n\n\n\n<p>T +49 40 428 75 6324<br>F +49 40 428 75 6079<\/p>\n\n\n<div class=\"wp-block-ub-divider ub_divider ub-divider-orientation-horizontal\" id=\"ub_divider_fc24d9ec-a8f9-41ae-bfa1-be2eaddea81a\"><div class=\"ub_divider_wrapper\" style=\"position: relative; margin-bottom: 2px; width: 100%; height: 2px; \" data-divider-alignment=\"center\"><div class=\"ub_divider_line\" style=\"border-top: 2px solid #ccc; margin-top: 2px; \"><\/div><\/div><\/div>\n\n\n<h3 class=\"wp-block-heading\"><strong>Respons\u00e1vel em conformidade com o \u00a75 da Lei dos Meios de Comunica\u00e7\u00e3o Social (TMG):<\/strong><\/h3>\n\n\n\n<p>Universidade de Ci\u00eancias Aplicadas de Hamburgo (HAW Hamburgo)<br>Berliner Tor 5<br>20099 Hamburgo<br>Alemanha<\/p>\n\n\n\n<p>Tel: +49.40.428 75-0<br>Fax: +49.40.428 75 91 49<\/p>\n\n\n<div class=\"wp-block-ub-divider ub_divider ub-divider-orientation-horizontal\" id=\"ub_divider_2dcda59f-287d-45ed-841d-cae8a9728808\"><div class=\"ub_divider_wrapper\" style=\"position: relative; margin-bottom: 2px; width: 100%; height: 2px; \" data-divider-alignment=\"center\"><div class=\"ub_divider_line\" style=\"border-top: 2px solid #ccc; margin-top: 2px; \"><\/div><\/div><\/div>\n\n\n<h3 class=\"wp-block-heading\"><strong>Forma jur\u00eddica e representa\u00e7\u00e3o legal<\/strong><\/h3>\n\n\n\n<p>A HAW Hamburg (Universidade de Ci\u00eancias Aplicadas de Hamburgo) \u00e9 uma sociedade de direito p\u00fablico.<br>A HAW Hamburgo \u00e9 legalmente representada pelo Prof. Dr. Ute Lohrentz, Presidente da HAW Hamburgo, Berliner Tor 5, D-20099 Hamburgo.<br>A entidade reguladora \u00e9 a Autoridade para a Ci\u00eancia e Investiga\u00e7\u00e3o da Cidade Livre e Hanse\u00e1tica de Hamburgo, Hamburger Stra\u00dfe 37, D-22083 Hamburgo.<br>N\u00famero de identifica\u00e7\u00e3o de IVA: DE 246571598<\/p>\n\n\n<div class=\"wp-block-ub-divider ub_divider ub-divider-orientation-horizontal\" id=\"ub_divider_d279c789-a1ea-4bf1-80cc-0ba9bba56733\"><div class=\"ub_divider_wrapper\" style=\"position: relative; margin-bottom: 2px; width: 100%; height: 2px; \" data-divider-alignment=\"center\"><div class=\"ub_divider_line\" style=\"border-top: 2px solid #ccc; margin-top: 2px; \"><\/div><\/div><\/div>\n\n\n<h3 class=\"wp-block-heading\"><strong>Respons\u00e1vel pelo conte\u00fado deste s\u00edtio Web<\/strong><\/h3>\n\n\n\n<p>Prof. Dr. Walter Leal<br>Diretor do Centro de Investiga\u00e7\u00e3o e Transfer\u00eancia \"Aplica\u00e7\u00f5es das Ci\u00eancias da Vida\"<br>HAW Hamburgo, Faculdade de Ci\u00eancias da Vida<br>Ulmenliet 20<br>21033 Hamburgo<\/p>\n\n\n\n<p>Tel: +49 4042875 6313<br>Fax: +49 4042875 6079<\/p>\n\n\n\n<p>Webdesign: Ralf Erat, <a rel=\"noreferrer noopener\" href=\"https:\/\/seitenprofi.de\" target=\"_blank\">seitenprofi.de<\/a><\/p>\n\n\n\n<p>Fotos: <a rel=\"noreferrer noopener\" href=\"https:\/\/pixabay.com\" target=\"_blank\">pixabay<\/a><\/p>\n\n\n<div class=\"wp-block-ub-divider ub_divider ub-divider-orientation-horizontal\" id=\"ub_divider_52f9ebee-17d0-4e62-867a-30d17309a636\"><div class=\"ub_divider_wrapper\" style=\"position: relative; margin-bottom: 2px; width: 100%; height: 2px; \" data-divider-alignment=\"center\"><div class=\"ub_divider_line\" style=\"border-top: 2px solid #ccc; margin-top: 2px; \"><\/div><\/div><\/div>\n\n\n<h3 class=\"wp-block-heading\"><strong>Declara\u00e7\u00e3o de exonera\u00e7\u00e3o de responsabilidade<\/strong><\/h3>\n\n\n\n<p><strong>Limita\u00e7\u00e3o da responsabilidade pelo conte\u00fado interno<\/strong><br>O conte\u00fado do nosso s\u00edtio Web foi compilado com um cuidado meticuloso e de acordo com o nosso melhor conhecimento. No entanto, n\u00e3o podemos assumir qualquer responsabilidade pela atualidade, integridade ou exatid\u00e3o de qualquer uma das p\u00e1ginas.<\/p>\n\n\n\n<p>Nos termos do \u00a7 7, para. 1 da TMG (Telemediengesetz - Lei dos Meios de Comunica\u00e7\u00e3o Social da Alemanha), n\u00f3s, enquanto prestadores de servi\u00e7os, somos respons\u00e1veis pelo nosso pr\u00f3prio conte\u00fado nestas p\u00e1ginas, de acordo com as leis gerais. No entanto, de acordo com as sec\u00e7\u00f5es 8 a 10 da TMG, n\u00f3s, enquanto prestadores de servi\u00e7os, n\u00e3o somos obrigados a controlar as informa\u00e7\u00f5es externas fornecidas ou armazenadas no nosso s\u00edtio Web. Assim que tivermos conhecimento de uma infra\u00e7\u00e3o espec\u00edfica da lei, removeremos imediatamente o conte\u00fado em quest\u00e3o. Qualquer responsabilidade relativa a este assunto s\u00f3 pode ser assumida a partir do momento em que a infra\u00e7\u00e3o se torna do nosso conhecimento.<\/p>\n\n\n\n<p><strong>Limita\u00e7\u00e3o da responsabilidade por liga\u00e7\u00f5es externas<\/strong><br>O nosso s\u00edtio Web cont\u00e9m liga\u00e7\u00f5es a s\u00edtios Web de terceiros (\"liga\u00e7\u00f5es externas\"). Uma vez que o conte\u00fado desses s\u00edtios Web n\u00e3o est\u00e1 sob o nosso controlo, n\u00e3o podemos assumir qualquer responsabilidade por esse conte\u00fado externo. Em todos os casos, o fornecedor de informa\u00e7\u00f5es dos s\u00edtios Web ligados \u00e9 respons\u00e1vel pelo conte\u00fado e pela exatid\u00e3o das informa\u00e7\u00f5es fornecidas. No momento em que as hiperliga\u00e7\u00f5es foram colocadas, n\u00e3o nos foi reconhecida qualquer infra\u00e7\u00e3o \u00e0 lei. Assim que tivermos conhecimento de uma infra\u00e7\u00e3o \u00e0 lei, removeremos imediatamente a liga\u00e7\u00e3o em quest\u00e3o.<\/p>\n\n\n\n<p><strong>Direitos de autor<\/strong><br>O conte\u00fado e os trabalhos publicados neste s\u00edtio Web s\u00e3o regidos pelas leis de direitos de autor da Alemanha. Qualquer duplica\u00e7\u00e3o, processamento, distribui\u00e7\u00e3o ou qualquer forma de utiliza\u00e7\u00e3o para al\u00e9m do \u00e2mbito da lei dos direitos de autor requer o consentimento pr\u00e9vio por escrito do autor ou autores em quest\u00e3o.<\/p>","protected":false},"excerpt":{"rendered":"<p>Franziska Wolf Hamburg University of Applied SciencesFaculty of Life SciencesResearch and Transfer Centre \u201eSustainable Development and Climate Change Management\u201c Ulmenliet 20D-21033 Hamburg, Germany info@europe-land.eu T&hellip;<\/p>","protected":false},"author":1,"featured_media":0,"parent":0,"menu_order":0,"comment_status":"closed","ping_status":"closed","template":"","meta":{"footnotes":""},"class_list":["post-167","page","type-page","status-publish","hentry"],"featured_image_url":[],"post_author":"Ralf","assigned_categories":"","featured_image_src":null,"_links":{"self":[{"href":"https:\/\/europe-land.eu\/pt\/wp-json\/wp\/v2\/pages\/167","targetHints":{"allow":["GET"]}}],"collection":[{"href":"https:\/\/europe-land.eu\/pt\/wp-json\/wp\/v2\/pages"}],"about":[{"href":"https:\/\/europe-land.eu\/pt\/wp-json\/wp\/v2\/types\/page"}],"author":[{"embeddable":true,"href":"https:\/\/europe-land.eu\/pt\/wp-json\/wp\/v2\/users\/1"}],"replies":[{"embeddable":true,"href":"https:\/\/europe-land.eu\/pt\/wp-json\/wp\/v2\/comments?post=167"}],"version-history":[{"count":3,"href":"https:\/\/europe-land.eu\/pt\/wp-json\/wp\/v2\/pages\/167\/revisions"}],"predecessor-version":[{"id":2213,"href":"https:\/\/europe-land.eu\/pt\/wp-json\/wp\/v2\/pages\/167\/revisions\/2213"}],"wp:attachment":[{"href":"https:\/\/europe-land.eu\/pt\/wp-json\/wp\/v2\/media?parent=167"}],"curies":[{"name":"wp","href":"https:\/\/api.w.org\/{rel}","templated":true}]}}