{"id":1369,"date":"2025-03-24T12:44:57","date_gmt":"2025-03-24T11:44:57","guid":{"rendered":"https:\/\/europe-land.eu\/?page_id=1369"},"modified":"2026-04-01T20:21:11","modified_gmt":"2026-04-01T18:21:11","slug":"iacs-data-community-of-practice","status":"publish","type":"page","link":"https:\/\/europe-land.eu\/pt\/iacs-data-community-of-practice\/","title":{"rendered":"IACS Community of Practice"},"content":{"rendered":"<div class=\"wp-block-media-text is-stacked-on-mobile\" style=\"grid-template-columns:39% auto\"><figure class=\"wp-block-media-text__media\"><img loading=\"lazy\" decoding=\"async\" width=\"498\" height=\"186\" src=\"https:\/\/europe-land.eu\/wp-content\/uploads\/IACS-CoP-logo-2-2.png\" alt=\"\" class=\"wp-image-2333 size-full\" srcset=\"https:\/\/europe-land.eu\/wp-content\/uploads\/IACS-CoP-logo-2-2.png 498w, https:\/\/europe-land.eu\/wp-content\/uploads\/IACS-CoP-logo-2-2-300x112.png 300w, https:\/\/europe-land.eu\/wp-content\/uploads\/IACS-CoP-logo-2-2-18x7.png 18w\" sizes=\"auto, (max-width: 498px) 100vw, 498px\" \/><\/figure><div class=\"wp-block-media-text__content\">\n<p><strong>Following our Europe-LAND expert workshop on IACS data in February 2025, we launched a dedicated IACS Data Community of Practice. This self-sustaining community of 40+ members connects researchers, policy makers and practitioners together, encouraging shared insights and collaborative research related to agricultural land use data.<\/strong><\/p>\n<\/div><\/div>\n\n\n\n<p>With members from over 10 countries, this community is dynamic and ever-growing. Interested in staying informed about the latest developments in IACS data research and connecting with likeminded experts? <strong><a href=\"https:\/\/forms.office.com\/Pages\/ResponsePage.aspx?id=jaxsLGGrs0eCCU3y5GrvvJZP4rib2WVFqb_7cBBU9q5URE1ERzJEMEdTWjBVRU0wUUhZS1hNMU5LTC4u\">Join now!<\/a><\/strong><\/p>\n\n\n\n<p>Through regular virtual and in-person meetings, the various IACS data topics you can contribute to include:<\/p>\n\n\n\n<ul class=\"wp-block-list\">\n<li><strong>Guia de utiliza\u00e7\u00e3o + documento\/publica\u00e7\u00e3o (desafios e solu\u00e7\u00f5es) <\/strong>- Desenvolver recursos para documentar e enfrentar os desafios na utiliza\u00e7\u00e3o dos dados do SIGC. <\/li>\n\n\n\n<li><strong>Resumo da pol\u00edtica\/opini\u00e3o<\/strong> - Elabora\u00e7\u00e3o de relat\u00f3rios concisos com recomenda\u00e7\u00f5es pol\u00edticas baseadas nos dados do SIGC.<\/li>\n\n\n\n<li><strong>Lista de interven\u00e7\u00f5es (em IACS ou AEMS)<\/strong> - Compila\u00e7\u00e3o de uma panor\u00e2mica das medidas implementadas no \u00e2mbito do SIGC ou da AEMS para fins de investiga\u00e7\u00e3o e utiliza\u00e7\u00e3o pol\u00edtica.<\/li>\n\n\n\n<li><strong>Localiza\u00e7\u00e3o \"\u00f3ptima\" das medidas vs. implementa\u00e7\u00e3o no mundo real<\/strong> - Analisar as diferen\u00e7as entre a coloca\u00e7\u00e3o ideal das medidas e a sua aplica\u00e7\u00e3o efectiva.<\/li>\n\n\n\n<li><strong>Utiliza\u00e7\u00e3o do SIGC a n\u00edvel da UE (diversidade\/rota\u00e7\u00e3o de culturas)<\/strong> - Explorar os dados do SIGC para obter informa\u00e7\u00f5es sobre a diversidade e a rota\u00e7\u00e3o de culturas na Europa.<\/li>\n\n\n\n<li><strong>Novas propostas (por exemplo, sobre o azoto e a intensidade da utiliza\u00e7\u00e3o dos solos)<\/strong> - Desenvolvimento de propostas de investiga\u00e7\u00e3o ou de pol\u00edticas sobre a utiliza\u00e7\u00e3o do azoto e a intensidade da utiliza\u00e7\u00e3o dos solos.<\/li>\n\n\n\n<li><strong>Rede de peritos do SIGC \/ Comunidade de Pr\u00e1ticas<\/strong> - Cria\u00e7\u00e3o de uma rede para o interc\u00e2mbio de conhecimentos e a colabora\u00e7\u00e3o sobre temas da IACS.<\/li>\n\n\n\n<li><strong>Alargar a base de dados do SIGC<\/strong> - Melhorar a base de dados do SIGC com conjuntos de dados adicionais e uma melhor normaliza\u00e7\u00e3o.<\/li>\n\n\n\n<li><strong>Integra\u00e7\u00e3o\/enriquecimento de dados<\/strong> - Combina\u00e7\u00e3o dos dados do SIGC com outras fontes para an\u00e1lises mais exaustivas.<\/li>\n\n\n\n<li><strong>Identificar (e responder a) op\u00e7\u00f5es de financiamento adequadas<\/strong> - Encontrar e candidatar-se a oportunidades de financiamento para a investiga\u00e7\u00e3o relacionada com a IACS.<\/li>\n<\/ul>\n\n\n<div class=\"wp-block-ub-divider ub_divider ub-divider-orientation-horizontal\" id=\"ub_divider_5c33375f-5cdd-495b-877f-2bbd1fe1ca0e\"><div class=\"ub_divider_wrapper\" style=\"position: relative; margin-bottom: 2px; width: 100%; height: 2px; \" data-divider-alignment=\"center\"><div class=\"ub_divider_line\" style=\"border-top: 2px solid #ccc; margin-top: 2px; \"><\/div><\/div><\/div>\n\n\n<div style=\"height:20px\" aria-hidden=\"true\" class=\"wp-block-spacer\"><\/div>\n\n\n\n<p class=\"has-text-align-center\"><strong>Interested in learning more about our work with IACS data? Check out our <a href=\"https:\/\/zenodo.org\/records\/18670815\" data-type=\"link\" data-id=\"https:\/\/zenodo.org\/records\/18670815\">Harmonized IACS Data Inventory on Zenodo<\/a> e <a href=\"https:\/\/european-land-use.podigee.io\/2-neue-episode\" data-type=\"link\" data-id=\"https:\/\/european-land-use.podigee.io\/2-neue-episode\">listen to our podcast<\/a> with expert Clemens J\u00e4nicke of Leibniz Institute of Agricultural Development in Transition Economies (IAMO).<\/strong><\/p>","protected":false},"excerpt":{"rendered":"<p>Following our Europe-LAND expert workshop on IACS data in February 2025, we launched a dedicated IACS Data Community of Practice. This self-sustaining community of 40+&hellip;<\/p>","protected":false},"author":6,"featured_media":0,"parent":0,"menu_order":0,"comment_status":"closed","ping_status":"closed","template":"","meta":{"footnotes":""},"class_list":["post-1369","page","type-page","status-publish","hentry"],"featured_image_url":[],"post_author":"Megan Curling","assigned_categories":"","featured_image_src":null,"_links":{"self":[{"href":"https:\/\/europe-land.eu\/pt\/wp-json\/wp\/v2\/pages\/1369","targetHints":{"allow":["GET"]}}],"collection":[{"href":"https:\/\/europe-land.eu\/pt\/wp-json\/wp\/v2\/pages"}],"about":[{"href":"https:\/\/europe-land.eu\/pt\/wp-json\/wp\/v2\/types\/page"}],"author":[{"embeddable":true,"href":"https:\/\/europe-land.eu\/pt\/wp-json\/wp\/v2\/users\/6"}],"replies":[{"embeddable":true,"href":"https:\/\/europe-land.eu\/pt\/wp-json\/wp\/v2\/comments?post=1369"}],"version-history":[{"count":10,"href":"https:\/\/europe-land.eu\/pt\/wp-json\/wp\/v2\/pages\/1369\/revisions"}],"predecessor-version":[{"id":2497,"href":"https:\/\/europe-land.eu\/pt\/wp-json\/wp\/v2\/pages\/1369\/revisions\/2497"}],"wp:attachment":[{"href":"https:\/\/europe-land.eu\/pt\/wp-json\/wp\/v2\/media?parent=1369"}],"curies":[{"name":"wp","href":"https:\/\/api.w.org\/{rel}","templated":true}]}}