{"id":3,"date":"2023-10-12T18:40:09","date_gmt":"2023-10-12T16:40:09","guid":{"rendered":"http:\/\/europe-land.eu\/?page_id=3"},"modified":"2024-03-16T08:03:54","modified_gmt":"2024-03-16T07:03:54","slug":"privacy-policy","status":"publish","type":"page","link":"https:\/\/europe-land.eu\/pl\/privacy-policy\/","title":{"rendered":"Polityka prywatno\u015bci"},"content":{"rendered":"\n<p>This data privacy statement provides information concerning the processing    and storage of your personal data logged each time you access this website or make use of the services offered.<br><\/p>\n\n\n\n<p><strong>Controller of the personal data<\/strong> (responsible entity) in the sense of the <a rel=\"noreferrer noopener\" href=\"http:\/\/eur-lex.europa.eu\/legal-content\/EN\/TXT\/?uri=CELEX:32016R0679\" target=\"_blank\">General Data Protection Regulation (GDPR)<\/a> and other national data protection laws of the EU member states as well as other data protection regulations:<br>Hochschule f\u00fcr Angewandte Wissenschaften (HAW Hamburg)<br>Berliner Tor 5<br>20099 Hamburg, Germany<br><br>T: +49.40.42875-0<br>F: +49.40.42875-9149<br><a href=\"https:\/\/www.haw-hamburg.de\/datenschutz\/\">datenschutz (at) haw-hamburg (dot) de<\/a><br><\/p>\n\n\n\n<p><strong>Data protection officer<\/strong><\/p>\n\n\n\n<p>datenschutz nord GmbH<br>Konsul-Smidt-Stra\u00dfe 88<br>28217 Bremen <br><br>www.datenschutz-nord-gruppe.de<br>office[at]datenschutz-nord.de<br><\/p>\n\n\n\n<p><strong>Project manager<\/strong><\/p>\n\n\n\n<p>Prof. Dr. (mult.) Dr. h.c. (mult.) Walter Leal<br>Faculty Life Sciences<br>Director of the Research and Transfer Centre \u201cSustainability and Climate Change Management\u201d<br>University of Applied Sciences Hamburg (HAW Hamburg)<br>Ulmenliet 20<br>D-21033 HamburgPhone +49 40 42875 6313<br>Email walter.leal2(@)haw-hamburg.de<\/p>\n\n\n\n<p><br><strong>Data collection when visiting and using this website<\/strong><\/p>\n\n\n\n<p><strong>Logfiles<\/strong><\/p>\n\n\n\n<p>This website temporarily logs certain information each time you visit our website or any files offered (log files).<br>In particular, the following data will be logged:<\/p>\n\n\n\n<ul class=\"wp-block-list\">\n<li>IP address <\/li>\n\n\n\n<li>date and time of the visit<\/li>\n\n\n\n<li>site visited<\/li>\n\n\n\n<li>file requested<\/li>\n\n\n\n<li>operating system<\/li>\n\n\n\n<li>used browser (type and version)<\/li>\n\n\n\n<li>name of the internet access providerThis information will be kept only for the following purposes:<br><\/li>\n\n\n\n<li>statistic purposes<\/li>\n\n\n\n<li>managing and optimizing the site system<\/li>\n<\/ul>\n\n\n\n<p>The temporary storage of your IP address by the system is necessary in order to be able to deliver the website to your computer. Your IP address therefore must remain stored for the duration of the session.<\/p>\n\n\n\n<p>Your data will be deleted as soon as they are no longer needed for the purpose    for which they have been collected (log files: regularly after 7 days). With regard to the collection of data for reasons of the provision of the website, data will be deleted when the respective session has ended.<\/p>\n\n\n\n<p>Data processing in the context of storage of log files is legally based on Article 6 paragraph 1 lit. f GDPR.<\/p>\n\n\n\n<p><br><strong>Registration\/Login\/Usage<\/strong><\/p>\n\n\n\n<p>You may register and login at this website by providing personal data. <br>User registration and login are necessary in order to be able to make use of the specific content on this website, including the creation and administration of user accounts, participation in courses and communication among users.<\/p>\n\n\n\n<p>In case we obtain your consent for processing of personal data logged in the    context of registration and\/or login as well as usage of the platform your data are processed only for those specific above mentioned purposes, and are only    stored as long as required for the respective processing or related purposes.<\/p>\n\n\n\n<p>We collect the following data as part of the registration process:<br>username, email address, first name, surname, city\/town, country.<br><\/p>\n\n\n\n<p>As part of the registration, also the following data will be collected:<br>IP address and time stamp (date and time of registration).<br>As part of the registration you agree to the processing of these data.<\/p>\n\n\n\n<p>Regarding personal data and any other data you insert to the extent you decide, Article 6 paragraph 1 lit. a GDPR serves as legal basis.<\/p>\n\n\n\n<p><br><strong>SSL encryption<\/strong><\/p>\n\n\n\n<p>In order to protect your transmitted data in the best possible way, we use SSL encryption. You can recognize encrypted connections by the prefix https:\/\/ in the URL of the website called up in your browser. (Unencrypted pages are    marked by &#8220;http:\/\/&#8221;.) SSL encryption ensures that all data that you transmit to this website &#8211; such as inquiries or logins &#8211; cannot be read by third    parties.<\/p>\n\n\n\n<p><br><strong>Google reCAPTCHA<\/strong><\/p>\n\n\n\n<p>On this website we use the reCAPTCHA service of Google Inc., 1600 Amphitheater Parkway, Mountain View, CA 94043 USA.<\/p>\n\n\n\n<p>reCAPTCHA is used in order to check whether the data entered on our  website (such as on the registration form) has been entered by a human  being or by an automated program. In order to do so, reCAPTCHA evaluates  various information such as your IP address, how long you have been on our website, your input behavior as well as mouse movements in the area  of \u200b\u200bthe &#8220;reCAPTCHA&#8221; checkbox plus further logfile information. The data  collected during this analysis will be forwarded to Google.<\/p>\n\n\n\n<p>Data processing with regard to the usage of the service reCAPTCHA \nis legally based on Article 6 paragraph 1 lit. a GDPR. Our legitimate \ninterest is to avoid abusive automated crawling and spam and thus to \nmake this website safer.<\/p>\n\n\n\n<p>Privacy Statement Google: h<a rel=\"noreferrer noopener\" href=\"https:\/\/www.google.com\/policies\/privacy\/\" target=\"_blank\">https:\/\/www.google.com\/policies\/privacy\/<\/a><br>Opt-Out: <a rel=\"noreferrer noopener\" href=\"https:\/\/adssettings.google.com\/authenticated\" target=\"_blank\">https:\/\/adssettings.google.com\/authenticated<\/a><\/p>\n\n\n\n<p><br><strong>Newsletter data<\/strong><\/p>\n\n\n\n<p>If you would like to subscribe to the  newsletter offered on this website, we will need from you an e-mail address as well as information that allow us to verify that you are the  owner of the e-mail address provided and consent to the receipt of the  newsletter. No further data shall be collected or shall be collected  only on a voluntary basis. We shall use such data only for the sending  of the requested information and shall not share such data with any third parties.<\/p>\n\n\n\n<p>The processing of the information entered into the  newsletter subscription form shall occur exclusively on the basis of  your consent (Art. 6 Sect. 1 lit. a GDPR). You may revoke the consent  you have given to the archiving of data, the e-mail address and the use of this information for the sending of the newsletter at any time, for  instance by clicking on the &#8220;Unsubscribe&#8221; link in the newsletter. This  shall be without prejudice to the lawfulness of any data processing  transactions that have taken place to date.<\/p>\n\n\n\n<p><\/p>\n\n\n\n<p><strong><br>Matomo analytics service<\/strong><\/p>\n\n\n\n<p>Our website uses the Matomo, an Open Source web analytics service. Matomo uses so-called cookies. Cookies are small text files that are stored on your computer and allow us to analyse the usage of our website. For this purpose, the usage information generated by the cookie (including your truncated IP address) is transmitted to our server and stored for usage analysis purposes, which in turn serves to optimize our website and to make a scientific evaluation of the usage. Your IP address is immediately anonymized during this process so that you as a user remain anonymous to us. The information generated by the cookie about your usage of this website remains on HAW Hamburg servers and will not be disclosed to third parties.<\/p>\n\n\n\n<p>Legal basis for the usage of Matomo is Article 6 paragraph 1 lit. f GDPR. HAW Hamburg has a legitimate interest to make an anonymous analysis of the usage of this website, in order to optimize this offer and in order to evaluate the usage for scientific purposes.<\/p>\n\n\n\n<p>You may prevent the usage of cookies by changing the relevant settings in your browser. Please be advised, however, that in this case you may no longer be able to use the full functionality of this website. For further information, please visit: <a rel=\"noreferrer noopener\" href=\"https:\/\/matomo.org\/docs\/privacy\/\" target=\"_blank\">https:\/\/matomo.org\/docs\/privacy\/<\/a>.<\/p>\n\n\n\n<p><strong><br>Embedded videos<\/strong><\/p>\n\n\n\n<p>In order to embed videos into our website we use the services provided by the platform Podcampus.de. Podcampus is operated by Multimedia Kontor Hamburg gGmbh, Saarlandstr. 30, 22303 Hamburg. <\/p>\n\n\n\n<p>When you click a video, your IP address, the site from which you access it, \n  the date, time, the operating system and the browser you used are automatically \n  stored in the log files created by the server. This is necessary in order to \n  display the content. <\/p>\n\n\n\n<p>The processing of the information stored in the log files is only anonymous for statistical purposes (such as to analyse the use of which pages are accessed, which browsers are used, etc.), so that the services can be improved, protected    and developed further. Podcampus saves your IP address anonymously; they do    not log the last three digits. <\/p>\n\n\n\n<p>Data processing with regard to the integration of content is legally based on Article 6 paragraph 1 lit. a GDPR. Our legitimate interest is to make this website more interesting and educational through different media formats.<br><\/p>\n\n\n\n<p><strong>Revocation of consent<\/strong><\/p>\n\n\n\n<p>You are entitled to revoke your consent with effect for the future at any time. We will delete your personal data <\/p>\n\n\n\n<ul class=\"wp-block-list\">\n<li> in case you revoke your consent,<\/li>\n\n\n\n<li>if they are no longer necessary for the fulfilment of the purpose of storage,  or <\/li>\n\n\n\n<li>if the storage is not allowed due to other legal reasons.<\/li>\n<\/ul>\n\n\n\n<p>If you wish to revoke your consent, please send your <a rel=\"noreferrer noopener\" href=\"mailto:info@europe-land.eu\" target=\"_blank\">info@europe-land.eu<\/a> .<\/p>\n\n\n\n<p><strong><br>Applicability privacy Statement<\/strong><\/p>\n\n\n\n<p>This privacy statement is only applicable to content directly offered by us; for embedded and linked content the privacy statement of the corresponding offers apply.<\/p>\n\n\n\n<p><strong><br>Rights of the persons concerned<\/strong><\/p>\n\n\n\n<p>You have the following rights regarding the processing of your personal data.<\/p>\n\n\n\n<p><em>Right to information<\/em><\/p>\n\n\n\n<p> You may contact us at any time in order: <\/p>\n\n\n\n<ul class=\"wp-block-list\">\n<li>to obtain <strong>confirmation<\/strong> as to whether or not personal data  concerning you are being processed (see Article 15 GDPR);<\/li>\n\n\n\n<li>to obtain <strong>rectification<\/strong> of inaccurate personal data about you (see Article 16 GDPR); <\/li>\n\n\n\n<li>to obtain the<strong> erasure<\/strong> of personal data about you (\u2018right to be forgotten\u2019, see Article 17 GDPR); <\/li>\n\n\n\n<li>in certain cases \u2013 to obtain<strong> restriction<\/strong> of processing personal data about you (see Article 18 GDPR);<\/li>\n\n\n\n<li>(where suitable) and\/or to <strong>receive personal data<\/strong> concerning you, which you have provided to us in a structured, commonly used and machine-readable format&nbsp;(see Article 20 GDPR).<\/li>\n<\/ul>\n\n\n\n<p><em>Right to object<\/em> You also have the right to <strong>object<\/strong>, on grounds relating to your particular situation, at any time to processing of personal data concerning    you (see Article 21 GDPR).<\/p>\n\n\n\n<p><em>Right to complaint<\/em><\/p>\n\n\n\n<p>You also have, at any given time, the right to lodge a <strong>complaint<\/strong> with a supervisory authority, in particular in the Member State of your habitual residence, place of work or place of the alleged infringement, if you consider    that the processing of personal data relating to you infringes the regulations stipulated in GDPR (see Article 22 GDPR). <\/p>\n\n\n\n<p><em>Right to revoke your consent<\/em><\/p>\n\n\n\n<p>You have the right to <strong>revoke<\/strong> your consent with effect for  the future at any time (see Article 7 section 3 GDPR). <\/p>\n\n\n\n<p><strong><br>Further information\/contact<\/strong>:<br>In case you wish any further information on your personal data stored, or in case you wish to revoke your consent, please sent your request to the following    email address: <a rel=\"noreferrer noopener\" href=\"mailto:info@europe-land.eu\" target=\"_blank\">info@europe-land.eu<\/a> <\/p>\n","protected":false},"excerpt":{"rendered":"<p>Niniejsze o\u015bwiadczenie o ochronie danych osobowych zawiera informacje dotycz\u0105ce przetwarzania i przechowywania danych osobowych rejestrowanych za ka\u017cdym razem, gdy u\u017cytkownik uzyskuje dost\u0119p do tej witryny lub korzysta z...<\/p>","protected":false},"author":1,"featured_media":0,"parent":0,"menu_order":0,"comment_status":"closed","ping_status":"open","template":"","meta":{"footnotes":""},"class_list":["post-3","page","type-page","status-publish","hentry"],"featured_image_url":[],"post_author":"Ralf","assigned_categories":"","featured_image_src":null,"_links":{"self":[{"href":"https:\/\/europe-land.eu\/pl\/wp-json\/wp\/v2\/pages\/3","targetHints":{"allow":["GET"]}}],"collection":[{"href":"https:\/\/europe-land.eu\/pl\/wp-json\/wp\/v2\/pages"}],"about":[{"href":"https:\/\/europe-land.eu\/pl\/wp-json\/wp\/v2\/types\/page"}],"author":[{"embeddable":true,"href":"https:\/\/europe-land.eu\/pl\/wp-json\/wp\/v2\/users\/1"}],"replies":[{"embeddable":true,"href":"https:\/\/europe-land.eu\/pl\/wp-json\/wp\/v2\/comments?post=3"}],"version-history":[{"count":10,"href":"https:\/\/europe-land.eu\/pl\/wp-json\/wp\/v2\/pages\/3\/revisions"}],"predecessor-version":[{"id":996,"href":"https:\/\/europe-land.eu\/pl\/wp-json\/wp\/v2\/pages\/3\/revisions\/996"}],"wp:attachment":[{"href":"https:\/\/europe-land.eu\/pl\/wp-json\/wp\/v2\/media?parent=3"}],"curies":[{"name":"wp","href":"https:\/\/api.w.org\/{rel}","templated":true}]}}