{"id":167,"date":"2023-10-20T10:12:42","date_gmt":"2023-10-20T08:12:42","guid":{"rendered":"https:\/\/europe-land.eu\/?page_id=167"},"modified":"2026-03-27T10:55:21","modified_gmt":"2026-03-27T09:55:21","slug":"contact","status":"publish","type":"page","link":"https:\/\/europe-land.eu\/pl\/contact\/","title":{"rendered":"Kontakt"},"content":{"rendered":"<p><strong>Franziska Wolf<\/strong><\/p>\n\n\n\n<p>Uniwersytet Nauk Stosowanych w Hamburgu<br>Wydzia\u0142 Nauk Przyrodniczych<br>Research and Transfer Centre \u201eSustainable Development and Climate Change Management\u201c<\/p>\n\n\n\n<p>Ulmenliet 20<br>D-21033 Hamburg, Niemcy<\/p>\n\n\n\n<p><a href=\"mailto:info@europe-land.eu\" target=\"_blank\" rel=\"noreferrer noopener\">info@europe-land.eu<\/a><\/p>\n\n\n\n<p>T +49 40 428 75 6324<br>F +49 40 428 75 6079<\/p>\n\n\n<div class=\"wp-block-ub-divider ub_divider ub-divider-orientation-horizontal\" id=\"ub_divider_fc24d9ec-a8f9-41ae-bfa1-be2eaddea81a\"><div class=\"ub_divider_wrapper\" style=\"position: relative; margin-bottom: 2px; width: 100%; height: 2px; \" data-divider-alignment=\"center\"><div class=\"ub_divider_line\" style=\"border-top: 2px solid #ccc; margin-top: 2px; \"><\/div><\/div><\/div>\n\n\n<h3 class=\"wp-block-heading\"><strong>Odpowiedzialny zgodnie z ustaw\u0105 o telemediach (TMG) \u00a75:<\/strong><\/h3>\n\n\n\n<p>Uniwersytet Nauk Stosowanych w Hamburgu (HAW Hamburg)<br>Berliner Tor 5<br>20099 Hamburg<br>Niemcy<\/p>\n\n\n\n<p>Tel.: +49.40.428 75-0<br>Faks: +49.40.428 75 91 49<\/p>\n\n\n<div class=\"wp-block-ub-divider ub_divider ub-divider-orientation-horizontal\" id=\"ub_divider_2dcda59f-287d-45ed-841d-cae8a9728808\"><div class=\"ub_divider_wrapper\" style=\"position: relative; margin-bottom: 2px; width: 100%; height: 2px; \" data-divider-alignment=\"center\"><div class=\"ub_divider_line\" style=\"border-top: 2px solid #ccc; margin-top: 2px; \"><\/div><\/div><\/div>\n\n\n<h3 class=\"wp-block-heading\"><strong>Forma prawna i reprezentacja prawna<\/strong><\/h3>\n\n\n\n<p>HAW Hamburg (Hamburg University of Applied Sciences) jest sp\u00f3\u0142k\u0105 prawa publicznego.<br>HAW Hamburg jest prawnie reprezentowany przez Prof. Dr. Ute Lohrentz, Prezesa HAW Hamburg, Berliner Tor 5, D-20099 Hamburg.<br>Organem regulacyjnym jest Urz\u0105d ds. Nauki i Bada\u0144 Wolnego i Hanzeatyckiego Miasta Hamburg, Hamburger Stra\u00dfe 37, D-22083 Hamburg.<br>Numer identyfikacyjny VAT: DE 246571598<\/p>\n\n\n<div class=\"wp-block-ub-divider ub_divider ub-divider-orientation-horizontal\" id=\"ub_divider_d279c789-a1ea-4bf1-80cc-0ba9bba56733\"><div class=\"ub_divider_wrapper\" style=\"position: relative; margin-bottom: 2px; width: 100%; height: 2px; \" data-divider-alignment=\"center\"><div class=\"ub_divider_line\" style=\"border-top: 2px solid #ccc; margin-top: 2px; \"><\/div><\/div><\/div>\n\n\n<h3 class=\"wp-block-heading\"><strong>Odpowiedzialny za zawarto\u015b\u0107 tej strony internetowej<\/strong><\/h3>\n\n\n\n<p>Prof. Dr. Walter Leal<br>Kierownik Centrum Bada\u0144 i Transferu \"Zastosowania Nauk Przyrodniczych\"<br>HAW Hamburg, Wydzia\u0142 Nauk Przyrodniczych<br>Ulmenliet 20<br>21033 Hamburg<\/p>\n\n\n\n<p>Tel: +49 4042875 6313<br>Faks: +49 4042875 6079<\/p>\n\n\n\n<p>Webdesign: Ralf Erat, <a rel=\"noreferrer noopener\" href=\"https:\/\/seitenprofi.de\" target=\"_blank\">seitenprofi.de<\/a><\/p>\n\n\n\n<p>Zdj\u0119cia: <a rel=\"noreferrer noopener\" href=\"https:\/\/pixabay.com\" target=\"_blank\">pixabay<\/a><\/p>\n\n\n<div class=\"wp-block-ub-divider ub_divider ub-divider-orientation-horizontal\" id=\"ub_divider_52f9ebee-17d0-4e62-867a-30d17309a636\"><div class=\"ub_divider_wrapper\" style=\"position: relative; margin-bottom: 2px; width: 100%; height: 2px; \" data-divider-alignment=\"center\"><div class=\"ub_divider_line\" style=\"border-top: 2px solid #ccc; margin-top: 2px; \"><\/div><\/div><\/div>\n\n\n<h3 class=\"wp-block-heading\"><strong>Zastrze\u017cenie<\/strong><\/h3>\n\n\n\n<p><strong>Ograniczenie odpowiedzialno\u015bci za tre\u015bci wewn\u0119trzne<\/strong><br>Zawarto\u015b\u0107 naszej strony internetowej zosta\u0142a opracowana z nale\u017cyt\u0105 staranno\u015bci\u0105 i zgodnie z nasz\u0105 najlepsz\u0105 wiedz\u0105. Nie mo\u017cemy jednak ponosi\u0107 \u017cadnej odpowiedzialno\u015bci za aktualno\u015b\u0107, kompletno\u015b\u0107 lub dok\u0142adno\u015b\u0107 kt\u00f3rejkolwiek ze stron.<\/p>\n\n\n\n<p>Zgodnie z \u00a7 7 ust. 1 TMG (Telemediengesetz - ustawa o telemediach wed\u0142ug prawa niemieckiego), jako us\u0142ugodawcy ponosimy odpowiedzialno\u015b\u0107 za w\u0142asne tre\u015bci na tych stronach zgodnie z og\u00f3lnymi przepisami prawa. Jednak\u017ce, zgodnie z sekcjami 8 do 10 TMG, my jako us\u0142ugodawcy nie jeste\u015bmy zobowi\u0105zani do monitorowania informacji zewn\u0119trznych dostarczanych lub przechowywanych na naszej stronie internetowej. Gdy tylko dowiemy si\u0119 o konkretnym naruszeniu prawa, niezw\u0142ocznie usuniemy dan\u0105 tre\u015b\u0107. Wszelk\u0105 odpowiedzialno\u015b\u0107 w tym zakresie mo\u017cna przyj\u0105\u0107 dopiero od momentu, w kt\u00f3rym dowiemy si\u0119 o naruszeniu.<\/p>\n\n\n\n<p><strong>Ograniczenie odpowiedzialno\u015bci za linki zewn\u0119trzne<\/strong><br>Nasza witryna internetowa zawiera \u0142\u0105cza do witryn internetowych os\u00f3b trzecich (\"\u0142\u0105cza zewn\u0119trzne\"). Poniewa\u017c zawarto\u015b\u0107 tych witryn nie podlega naszej kontroli, nie mo\u017cemy ponosi\u0107 \u017cadnej odpowiedzialno\u015bci za takie tre\u015bci zewn\u0119trzne. We wszystkich przypadkach dostawca informacji na stronach, do kt\u00f3rych prowadz\u0105 linki, ponosi odpowiedzialno\u015b\u0107 za tre\u015b\u0107 i dok\u0142adno\u015b\u0107 dostarczonych informacji. W momencie umieszczania link\u00f3w nie stwierdzili\u015bmy \u017cadnych narusze\u0144 prawa. Gdy tylko dowiemy si\u0119 o naruszeniu prawa, niezw\u0142ocznie usuniemy dany link.<\/p>\n\n\n\n<p><strong>Prawa autorskie<\/strong><br>Tre\u015bci i dzie\u0142a opublikowane na tej stronie podlegaj\u0105 niemieckiemu prawu autorskiemu. Powielanie, przetwarzanie, rozpowszechnianie lub jakakolwiek forma wykorzystania wykraczaj\u0105ca poza zakres prawa autorskiego wymaga uprzedniej pisemnej zgody autora lub autor\u00f3w, o kt\u00f3rych mowa.<\/p>","protected":false},"excerpt":{"rendered":"<p>Franziska Wolf Hamburg University of Applied SciencesFaculty of Life SciencesResearch and Transfer Centre \u201eSustainable Development and Climate Change Management\u201c Ulmenliet 20D-21033 Hamburg, Germany info@europe-land.eu T&hellip;<\/p>","protected":false},"author":1,"featured_media":0,"parent":0,"menu_order":0,"comment_status":"closed","ping_status":"closed","template":"","meta":{"footnotes":""},"class_list":["post-167","page","type-page","status-publish","hentry"],"featured_image_url":[],"post_author":"Ralf","assigned_categories":"","featured_image_src":null,"_links":{"self":[{"href":"https:\/\/europe-land.eu\/pl\/wp-json\/wp\/v2\/pages\/167","targetHints":{"allow":["GET"]}}],"collection":[{"href":"https:\/\/europe-land.eu\/pl\/wp-json\/wp\/v2\/pages"}],"about":[{"href":"https:\/\/europe-land.eu\/pl\/wp-json\/wp\/v2\/types\/page"}],"author":[{"embeddable":true,"href":"https:\/\/europe-land.eu\/pl\/wp-json\/wp\/v2\/users\/1"}],"replies":[{"embeddable":true,"href":"https:\/\/europe-land.eu\/pl\/wp-json\/wp\/v2\/comments?post=167"}],"version-history":[{"count":3,"href":"https:\/\/europe-land.eu\/pl\/wp-json\/wp\/v2\/pages\/167\/revisions"}],"predecessor-version":[{"id":2213,"href":"https:\/\/europe-land.eu\/pl\/wp-json\/wp\/v2\/pages\/167\/revisions\/2213"}],"wp:attachment":[{"href":"https:\/\/europe-land.eu\/pl\/wp-json\/wp\/v2\/media?parent=167"}],"curies":[{"name":"wp","href":"https:\/\/api.w.org\/{rel}","templated":true}]}}