{"id":1369,"date":"2025-03-24T12:44:57","date_gmt":"2025-03-24T11:44:57","guid":{"rendered":"https:\/\/europe-land.eu\/?page_id=1369"},"modified":"2026-04-01T20:21:11","modified_gmt":"2026-04-01T18:21:11","slug":"iacs-data-community-of-practice","status":"publish","type":"page","link":"https:\/\/europe-land.eu\/pl\/iacs-data-community-of-practice\/","title":{"rendered":"IACS Community of Practice"},"content":{"rendered":"<div class=\"wp-block-media-text is-stacked-on-mobile\" style=\"grid-template-columns:39% auto\"><figure class=\"wp-block-media-text__media\"><img loading=\"lazy\" decoding=\"async\" width=\"498\" height=\"186\" src=\"https:\/\/europe-land.eu\/wp-content\/uploads\/IACS-CoP-logo-2-2.png\" alt=\"\" class=\"wp-image-2333 size-full\" srcset=\"https:\/\/europe-land.eu\/wp-content\/uploads\/IACS-CoP-logo-2-2.png 498w, https:\/\/europe-land.eu\/wp-content\/uploads\/IACS-CoP-logo-2-2-300x112.png 300w, https:\/\/europe-land.eu\/wp-content\/uploads\/IACS-CoP-logo-2-2-18x7.png 18w\" sizes=\"auto, (max-width: 498px) 100vw, 498px\" \/><\/figure><div class=\"wp-block-media-text__content\">\n<p><strong>Following our Europe-LAND expert workshop on IACS data in February 2025, we launched a dedicated IACS Data Community of Practice. This self-sustaining community of 40+ members connects researchers, policy makers and practitioners together, encouraging shared insights and collaborative research related to agricultural land use data.<\/strong><\/p>\n<\/div><\/div>\n\n\n\n<p>With members from over 10 countries, this community is dynamic and ever-growing. Interested in staying informed about the latest developments in IACS data research and connecting with likeminded experts? <strong><a href=\"https:\/\/forms.office.com\/Pages\/ResponsePage.aspx?id=jaxsLGGrs0eCCU3y5GrvvJZP4rib2WVFqb_7cBBU9q5URE1ERzJEMEdTWjBVRU0wUUhZS1hNMU5LTC4u\">Join now!<\/a><\/strong><\/p>\n\n\n\n<p>Through regular virtual and in-person meetings, the various IACS data topics you can contribute to include:<\/p>\n\n\n\n<ul class=\"wp-block-list\">\n<li><strong>Korzystanie z przewodnika + dokument\/publikacja (wyzwania i rozwi\u0105zania) <\/strong>- Rozwijanie zasob\u00f3w w celu dokumentowania i rozwi\u0105zywania wyzwa\u0144 zwi\u0105zanych z korzystaniem z danych IACS. <\/li>\n\n\n\n<li><strong>Kr\u00f3tki opis polityki\/opinii<\/strong> - Tworzenie zwi\u0119z\u0142ych raport\u00f3w z zaleceniami dotycz\u0105cymi polityki w oparciu o wgl\u0105d w dane IACS.<\/li>\n\n\n\n<li><strong>Lista interwencji (w systemie IACS lub AEMS)<\/strong> - Opracowanie przegl\u0105du \u015brodk\u00f3w wdro\u017conych w ramach IACS lub AEMS do cel\u00f3w badawczych i politycznych.<\/li>\n\n\n\n<li><strong>\"Optymalne\" lokalizacje \u015brodk\u00f3w a rzeczywiste wdro\u017cenie<\/strong> - Analiza r\u00f3\u017cnic mi\u0119dzy idealnym rozmieszczeniem \u015brodk\u00f3w a faktycznym wdro\u017ceniem.<\/li>\n\n\n\n<li><strong>Stosowanie og\u00f3lnounijnego systemu IACS (r\u00f3\u017cnorodno\u015b\u0107 upraw\/rotacja)<\/strong> - Eksploracja danych IACS w celu uzyskania wgl\u0105du w r\u00f3\u017cnorodno\u015b\u0107 upraw i p\u0142odozmian w ca\u0142ej Europie.<\/li>\n\n\n\n<li><strong>Nowe propozycje (np. dotycz\u0105ce azotu i intensywno\u015bci u\u017cytkowania grunt\u00f3w)<\/strong> - Opracowanie propozycji bada\u0144 lub polityki w zakresie wykorzystania azotu i intensywno\u015bci u\u017cytkowania grunt\u00f3w.<\/li>\n\n\n\n<li><strong>Sie\u0107 ekspert\u00f3w IACS \/ spo\u0142eczno\u015b\u0107 praktyk\u00f3w<\/strong> - Budowanie sieci wymiany wiedzy i wsp\u00f3\u0142pracy w zakresie temat\u00f3w IACS.<\/li>\n\n\n\n<li><strong>Rozbudowa bazy danych IACS<\/strong> - Rozszerzenie bazy danych IACS o dodatkowe zbiory danych i lepsz\u0105 standaryzacj\u0119.<\/li>\n\n\n\n<li><strong>Integracja\/wzbogacanie danych<\/strong> - \u0141\u0105czenie danych IACS z innymi \u017ar\u00f3d\u0142ami w celu uzyskania bardziej kompleksowych analiz.<\/li>\n\n\n\n<li><strong>Identyfikacja odpowiednich opcji finansowania (i reagowanie na nie)<\/strong> - Znajdowanie i ubieganie si\u0119 o mo\u017cliwo\u015bci finansowania bada\u0144 zwi\u0105zanych z IACS.<\/li>\n<\/ul>\n\n\n<div class=\"wp-block-ub-divider ub_divider ub-divider-orientation-horizontal\" id=\"ub_divider_5c33375f-5cdd-495b-877f-2bbd1fe1ca0e\"><div class=\"ub_divider_wrapper\" style=\"position: relative; margin-bottom: 2px; width: 100%; height: 2px; \" data-divider-alignment=\"center\"><div class=\"ub_divider_line\" style=\"border-top: 2px solid #ccc; margin-top: 2px; \"><\/div><\/div><\/div>\n\n\n<div style=\"height:20px\" aria-hidden=\"true\" class=\"wp-block-spacer\"><\/div>\n\n\n\n<p class=\"has-text-align-center\"><strong>Interested in learning more about our work with IACS data? Check out our <a href=\"https:\/\/zenodo.org\/records\/18670815\" data-type=\"link\" data-id=\"https:\/\/zenodo.org\/records\/18670815\">Harmonized IACS Data Inventory on Zenodo<\/a> oraz <a href=\"https:\/\/european-land-use.podigee.io\/2-neue-episode\" data-type=\"link\" data-id=\"https:\/\/european-land-use.podigee.io\/2-neue-episode\">listen to our podcast<\/a> with expert Clemens J\u00e4nicke of Leibniz Institute of Agricultural Development in Transition Economies (IAMO).<\/strong><\/p>","protected":false},"excerpt":{"rendered":"<p>Following our Europe-LAND expert workshop on IACS data in February 2025, we launched a dedicated IACS Data Community of Practice. This self-sustaining community of 40+&hellip;<\/p>","protected":false},"author":6,"featured_media":0,"parent":0,"menu_order":0,"comment_status":"closed","ping_status":"closed","template":"","meta":{"footnotes":""},"class_list":["post-1369","page","type-page","status-publish","hentry"],"featured_image_url":[],"post_author":"Megan Curling","assigned_categories":"","featured_image_src":null,"_links":{"self":[{"href":"https:\/\/europe-land.eu\/pl\/wp-json\/wp\/v2\/pages\/1369","targetHints":{"allow":["GET"]}}],"collection":[{"href":"https:\/\/europe-land.eu\/pl\/wp-json\/wp\/v2\/pages"}],"about":[{"href":"https:\/\/europe-land.eu\/pl\/wp-json\/wp\/v2\/types\/page"}],"author":[{"embeddable":true,"href":"https:\/\/europe-land.eu\/pl\/wp-json\/wp\/v2\/users\/6"}],"replies":[{"embeddable":true,"href":"https:\/\/europe-land.eu\/pl\/wp-json\/wp\/v2\/comments?post=1369"}],"version-history":[{"count":10,"href":"https:\/\/europe-land.eu\/pl\/wp-json\/wp\/v2\/pages\/1369\/revisions"}],"predecessor-version":[{"id":2497,"href":"https:\/\/europe-land.eu\/pl\/wp-json\/wp\/v2\/pages\/1369\/revisions\/2497"}],"wp:attachment":[{"href":"https:\/\/europe-land.eu\/pl\/wp-json\/wp\/v2\/media?parent=1369"}],"curies":[{"name":"wp","href":"https:\/\/api.w.org\/{rel}","templated":true}]}}