{"id":2335,"date":"2026-03-31T12:42:19","date_gmt":"2026-03-31T10:42:19","guid":{"rendered":"https:\/\/europe-land.eu\/?page_id=2335"},"modified":"2026-04-01T20:09:49","modified_gmt":"2026-04-01T18:09:49","slug":"europe-land-toolbox","status":"publish","type":"page","link":"https:\/\/europe-land.eu\/lv\/europe-land-toolbox\/","title":{"rendered":"The Europe-LAND Toolbox"},"content":{"rendered":"<div class=\"wp-block-columns is-layout-flex wp-container-core-columns-is-layout-9d6595d7 wp-block-columns-is-layout-flex\">\n<div class=\"wp-block-column is-layout-flow wp-block-column-is-layout-flow\">\n<p>We\u2019re excited to share the Europe-LAND Toolbox, the core deliverable of the Europe-LAND project. Designed to support evidence-based decision-making, the Toolbox links spatial data to climate and biodiversity considerations. Whether you&#8217;re a researcher, planner, policymaker, or land user, this platform will empower you to better understand how land-use decisions, from the past and present, can shape future landscapes. <\/p>\n\n\n\n<p>Developed and led by our partners at Aristotle University of Thessaloniki (AUTH) under WP 6, the Toolbox brings together a wide range of geospatial datasets from trusted sources like Copernicus, CORINE, the European Environment Agency (EEA), and Eurostat. Users can explore dynamic land-use scenarios, assess the environmental impacts of different strategies, and even upload their own data for customized analysis.<\/p>\n\n\n\n<p>Ta\u010du platformas pamat\u0101 nav tikai dati, bet ar\u012b l\u012bdzdal\u012bbas dizains - t\u0101 tika veidota, \u0146emot v\u0113r\u0101 re\u0101lo lietot\u0101ju vajadz\u012bbas, un t\u0101 turpina att\u012bst\u012bties, \u0146emot v\u0113r\u0101 atgriezenisko saiti no visas Eiropas. T\u0101 ar\u012b integr\u0113 galvenos pla\u0161\u0101k\u0101 Europe-LAND projekta rezult\u0101tus, kalpojot par centr\u0101lo centru p\u0113t\u012bjumu rezult\u0101tu vizualiz\u0113\u0161anai un sadarb\u012bbas pl\u0101no\u0161anas procesu veicin\u0101\u0161anai.<\/p>\n<\/div>\n\n\n\n<div class=\"wp-block-column is-layout-flow wp-block-column-is-layout-flow\">\n<figure class=\"wp-block-embed is-type-video is-provider-youtube wp-block-embed-youtube wp-embed-aspect-16-9 wp-has-aspect-ratio\"><div class=\"wp-block-embed__wrapper\">\n<iframe loading=\"lazy\" title=\"Developing a digital toolbox for sustainable land-use and land management 2.0\" width=\"843\" height=\"474\" src=\"https:\/\/www.youtube.com\/embed\/InaJVNII3Ds?feature=oembed\" frameborder=\"0\" allow=\"accelerometer; autoplay; clipboard-write; encrypted-media; gyroscope; picture-in-picture; web-share\" referrerpolicy=\"strict-origin-when-cross-origin\" allowfullscreen><\/iframe>\n<\/div><\/figure>\n<\/div>\n<\/div>\n\n\n<div style=\"gap: 20px;\" class=\"align-button-left ub-buttons orientation-button-row ub-flex-wrap wp-block-ub-button\" id=\"ub-button-cf238041-a326-4656-bd1b-7e25c40194c2\"><div class=\"ub-button-container\">\n\t\t\t<a href=\"https:\/\/europe-land.civil.auth.gr\/wp-content-new-template\/static\/\" target=\"_blank\" rel=\"noopener noreferrer\" class=\"ub-button-block-main   ub-button-flex\" role=\"button\" style=\"--ub-button-background-color: #066f4c; --ub-button-color: #ffffff; --ub-button-border: none; --ub-button-hover-background-color: #313131; --ub-button-hover-color: #ffffff; --ub-button-hover-border: none; padding-top: 10px; padding-right: 10px; padding-bottom: 10px; padding-left: 10px; border-top-left-radius: 10px;; border-top-right-radius: 10px;; border-bottom-left-radius: 10px;; border-bottom-right-radius: 10px;; \">\n\t\t\t\t<div class=\"ub-button-content-holder\" style=\"flex-direction: row\">\n\t\t\t\t\t<span class=\"ub-button-block-btn\">Access the Europe-LAND Toolbox here<\/span>\n\t\t\t\t<\/div>\n\t\t\t<\/a>\n\t\t<\/div><\/div>\n\n\n<div style=\"height:25px\" aria-hidden=\"true\" class=\"wp-block-spacer\"><\/div>\n\n\n\n<p>Instrumentu komplekts ir intuit\u012bvs un pieejams, un taj\u0101 ir:<\/p>\n\n\n\n<ul class=\"wp-block-list\">\n<li><strong>Piel\u0101gojami GIS r\u012bki<\/strong>&nbsp;scen\u0101riju veido\u0161anai un zemes izmanto\u0161anas simul\u0101cijai.<\/li>\n\n\n\n<li><strong>Ieinteres\u0113to pu\u0161u iesaist\u012b\u0161anas iez\u012bmes<\/strong>, tostarp nopietnas sp\u0113les, lai izp\u0113t\u012btu politikas kompromisus.<\/li>\n\n\n\n<li><strong>Atv\u0113rt\u0101s piek\u013cuves datu kopas<\/strong>&nbsp;ar iesp\u0113j\u0101m lietot\u0101ja aug\u0161upiel\u0101d\u0113tiem failiem<\/li>\n\n\n\n<li><strong>Ma\u0161\u012bnm\u0101c\u012b\u0161an\u0101s gatavi dati<\/strong>&nbsp;progres\u012bviem p\u0113tniec\u012bbas lietojumiem<\/li>\n\n\n\n<li><strong>M\u0101c\u012bbu modu\u013ci un resursu palielin\u0101\u0161anas resursi<\/strong>&nbsp;atbalst\u012bt lietot\u0101jus visos l\u012bme\u0146os.<\/li>\n<\/ul>\n\n\n\n<p>Tas ir tikai s\u0101kums. Turpm\u0101kie atjaunin\u0101jumi papla\u0161in\u0101s platformas tematisko p\u0101rkl\u0101jumu, uzlabos lietojam\u012bbu un ievies\u012bs jaunas interakt\u012bvas funkcijas, pamatojoties uz ieinteres\u0113to personu atsauksm\u0113m. Europe-LAND Toolbox m\u0113r\u0137is ir k\u013c\u016bt par galveno resursu ikvienam, kas iesaist\u012bts ilgtsp\u0113j\u012bg\u0101kas un klimatnotur\u012bg\u0101kas zemes apsaimnieko\u0161anas strat\u0113\u0123ijas veido\u0161an\u0101 vis\u0101 Eirop\u0101.<\/p>\n\n\n\n<div class=\"wp-block-columns is-layout-flex wp-container-core-columns-is-layout-9d6595d7 wp-block-columns-is-layout-flex\">\n<div class=\"wp-block-column is-layout-flow wp-block-column-is-layout-flow\" style=\"flex-basis:100%\">\n<div style=\"height:34px\" aria-hidden=\"true\" class=\"wp-block-spacer\"><\/div>\n\n\n\n<h2 class=\"wp-block-heading has-text-color has-link-color wp-elements-922cc0c2fb6fd0460e32f0e5fb750553\" id=\"0-toolbox-tutorial-videos\" style=\"color:#082457\">Toolbox Tutorial Videos<\/h2>\n\n\n\n<div class=\"wp-block-columns is-layout-flex wp-container-core-columns-is-layout-9d6595d7 wp-block-columns-is-layout-flex\">\n<div class=\"wp-block-column is-layout-flow wp-block-column-is-layout-flow\">\n<p class=\"has-text-align-center\"><strong>Tutorial #1 \u2013 General Presentation<\/strong><\/p>\n\n\n\n<figure class=\"wp-block-embed is-type-video is-provider-youtube wp-block-embed-youtube wp-embed-aspect-16-9 wp-has-aspect-ratio\"><div class=\"wp-block-embed__wrapper\">\n<iframe loading=\"lazy\" title=\"Europe-LAND Toolbox v1.6 | Video Tutorial #1 \u2013 General Presentation\" width=\"843\" height=\"474\" src=\"https:\/\/www.youtube.com\/embed\/DtpzYuy9kWY?feature=oembed\" frameborder=\"0\" allow=\"accelerometer; autoplay; clipboard-write; encrypted-media; gyroscope; picture-in-picture; web-share\" referrerpolicy=\"strict-origin-when-cross-origin\" allowfullscreen><\/iframe>\n<\/div><\/figure>\n<\/div>\n\n\n\n<div class=\"wp-block-column is-layout-flow wp-block-column-is-layout-flow\">\n<p class=\"has-text-align-center\"><strong>Tutorial #2 \u2013 Data<\/strong><\/p>\n\n\n\n<figure class=\"wp-block-embed is-type-video is-provider-youtube wp-block-embed-youtube wp-embed-aspect-16-9 wp-has-aspect-ratio\"><div class=\"wp-block-embed__wrapper\">\n<iframe loading=\"lazy\" title=\"Europe-LAND Toolbox v1.6 | Video Tutorial #2 \u2013 Data\" width=\"843\" height=\"474\" src=\"https:\/\/www.youtube.com\/embed\/QcJkUy3Tte8?feature=oembed\" frameborder=\"0\" allow=\"accelerometer; autoplay; clipboard-write; encrypted-media; gyroscope; picture-in-picture; web-share\" referrerpolicy=\"strict-origin-when-cross-origin\" allowfullscreen><\/iframe>\n<\/div><\/figure>\n<\/div>\n\n\n\n<div class=\"wp-block-column is-layout-flow wp-block-column-is-layout-flow\">\n<p class=\"has-text-align-center\"><strong>Tutorial #3 \u2013 Tools<\/strong><\/p>\n\n\n\n<figure class=\"wp-block-embed is-type-video is-provider-youtube wp-block-embed-youtube wp-embed-aspect-16-9 wp-has-aspect-ratio\"><div class=\"wp-block-embed__wrapper\">\n<iframe loading=\"lazy\" title=\"Europe-LAND Toolbox v1.6 | Video Tutorial #3 \u2013 Tools\" width=\"843\" height=\"474\" src=\"https:\/\/www.youtube.com\/embed\/obrbfIvTbbI?feature=oembed\" frameborder=\"0\" allow=\"accelerometer; autoplay; clipboard-write; encrypted-media; gyroscope; picture-in-picture; web-share\" referrerpolicy=\"strict-origin-when-cross-origin\" allowfullscreen><\/iframe>\n<\/div><\/figure>\n<\/div>\n<\/div>\n<\/div>\n<\/div>\n\n\n\n<div class=\"wp-block-columns is-layout-flex wp-container-core-columns-is-layout-9d6595d7 wp-block-columns-is-layout-flex\">\n<div class=\"wp-block-column is-layout-flow wp-block-column-is-layout-flow\">\n<p class=\"has-text-align-center\"><strong>Tutorial #4 \u2013 Project data<\/strong><\/p>\n\n\n\n<figure class=\"wp-block-embed is-type-video is-provider-youtube wp-block-embed-youtube wp-embed-aspect-16-9 wp-has-aspect-ratio\"><div class=\"wp-block-embed__wrapper\">\n<iframe loading=\"lazy\" title=\"Europe-LAND Toolbox v1.6 | Video Tutorial #4 \u2013 Project data\" width=\"843\" height=\"474\" src=\"https:\/\/www.youtube.com\/embed\/upSoiXn0jX4?feature=oembed\" frameborder=\"0\" allow=\"accelerometer; autoplay; clipboard-write; encrypted-media; gyroscope; picture-in-picture; web-share\" referrerpolicy=\"strict-origin-when-cross-origin\" allowfullscreen><\/iframe>\n<\/div><\/figure>\n<\/div>\n\n\n\n<div class=\"wp-block-column is-layout-flow wp-block-column-is-layout-flow\">\n<p class=\"has-text-align-center\"><strong>Tutorial #5 \u2013 Help<\/strong><\/p>\n\n\n\n<figure class=\"wp-block-embed is-type-video is-provider-youtube wp-block-embed-youtube wp-embed-aspect-16-9 wp-has-aspect-ratio\"><div class=\"wp-block-embed__wrapper\">\n<iframe loading=\"lazy\" title=\"Europe-LAND Toolbox v1.6 | Video Tutorial #5 \u2013 Help\" width=\"843\" height=\"474\" src=\"https:\/\/www.youtube.com\/embed\/eBJTmKuGMSE?feature=oembed\" frameborder=\"0\" allow=\"accelerometer; autoplay; clipboard-write; encrypted-media; gyroscope; picture-in-picture; web-share\" referrerpolicy=\"strict-origin-when-cross-origin\" allowfullscreen><\/iframe>\n<\/div><\/figure>\n<\/div>\n\n\n\n<div class=\"wp-block-column is-layout-flow wp-block-column-is-layout-flow\">\n<p class=\"has-text-align-center\"><strong>Tutorial #6 \u2013 Feedback<\/strong><\/p>\n\n\n\n<figure class=\"wp-block-embed is-type-video is-provider-youtube wp-block-embed-youtube wp-embed-aspect-16-9 wp-has-aspect-ratio\"><div class=\"wp-block-embed__wrapper\">\n<iframe loading=\"lazy\" title=\"Europe-LAND Toolbox v1.6 | Video Tutorial #6 \u2013 Join the Mission - Feedback\" width=\"843\" height=\"474\" src=\"https:\/\/www.youtube.com\/embed\/1XpV6oOVOFI?feature=oembed\" frameborder=\"0\" allow=\"accelerometer; autoplay; clipboard-write; encrypted-media; gyroscope; picture-in-picture; web-share\" referrerpolicy=\"strict-origin-when-cross-origin\" allowfullscreen><\/iframe>\n<\/div><\/figure>\n<\/div>\n<\/div>\n\n\n\n<div class=\"wp-block-columns is-layout-flex wp-container-core-columns-is-layout-9d6595d7 wp-block-columns-is-layout-flex\">\n<div class=\"wp-block-column is-layout-flow wp-block-column-is-layout-flow\">\n<p class=\"has-text-align-center\"><strong>Tutorial #7 \u2013 Draw tools<\/strong><\/p>\n\n\n\n<figure class=\"wp-block-embed is-type-video is-provider-youtube wp-block-embed-youtube wp-embed-aspect-16-9 wp-has-aspect-ratio\"><div class=\"wp-block-embed__wrapper\">\n<iframe loading=\"lazy\" title=\"Europe-LAND Toolbox v1.6 | Video Tutorial #7 \u2013 Draw tools\" width=\"843\" height=\"474\" src=\"https:\/\/www.youtube.com\/embed\/Rk96dMcE5eM?feature=oembed\" frameborder=\"0\" allow=\"accelerometer; autoplay; clipboard-write; encrypted-media; gyroscope; picture-in-picture; web-share\" referrerpolicy=\"strict-origin-when-cross-origin\" allowfullscreen><\/iframe>\n<\/div><\/figure>\n<\/div>\n\n\n\n<div class=\"wp-block-column is-layout-flow wp-block-column-is-layout-flow\">\n<p class=\"has-text-align-center\"><strong>Tutorial #8 \u2013 Example 1: Urban Fabric Expansion vs Flood Risk<\/strong><\/p>\n\n\n\n<figure class=\"wp-block-embed is-type-video is-provider-youtube wp-block-embed-youtube wp-embed-aspect-16-9 wp-has-aspect-ratio\"><div class=\"wp-block-embed__wrapper\">\n<iframe loading=\"lazy\" title=\"Europe-LAND Toolbox | Video Tutorial #8 \u2013 Example 1: Urban Fabric Expansion vs Flood Risk\" width=\"843\" height=\"474\" src=\"https:\/\/www.youtube.com\/embed\/AVDX_MgPMwU?feature=oembed\" frameborder=\"0\" allow=\"accelerometer; autoplay; clipboard-write; encrypted-media; gyroscope; picture-in-picture; web-share\" referrerpolicy=\"strict-origin-when-cross-origin\" allowfullscreen><\/iframe>\n<\/div><\/figure>\n<\/div>\n\n\n\n<div class=\"wp-block-column is-layout-flow wp-block-column-is-layout-flow\">\n<p class=\"has-text-align-center\"><strong>Tutorial #9 \u2013 Example 2: Wildfires Reshaping LULC vs Flood Risk<\/strong><\/p>\n\n\n\n<figure class=\"wp-block-embed is-type-video is-provider-youtube wp-block-embed-youtube wp-embed-aspect-16-9 wp-has-aspect-ratio\"><div class=\"wp-block-embed__wrapper\">\n<iframe loading=\"lazy\" title=\"Europe-LAND Toolbox | Video Tutorial #9 \u2013 Example 2: Wildfires Reshaping LULC vs Flood Risk\" width=\"843\" height=\"474\" src=\"https:\/\/www.youtube.com\/embed\/HADl4SZ2t0w?feature=oembed\" frameborder=\"0\" allow=\"accelerometer; autoplay; clipboard-write; encrypted-media; gyroscope; picture-in-picture; web-share\" referrerpolicy=\"strict-origin-when-cross-origin\" allowfullscreen><\/iframe>\n<\/div><\/figure>\n<\/div>\n<\/div>","protected":false},"excerpt":{"rendered":"<p>We\u2019re excited to share the Europe-LAND Toolbox, the core deliverable of the Europe-LAND project. Designed to support evidence-based decision-making, the Toolbox links spatial data to&hellip;<\/p>","protected":false},"author":6,"featured_media":0,"parent":0,"menu_order":0,"comment_status":"closed","ping_status":"closed","template":"","meta":{"footnotes":""},"class_list":["post-2335","page","type-page","status-publish","hentry"],"featured_image_url":[],"post_author":"Megan Curling","assigned_categories":"","featured_image_src":null,"_links":{"self":[{"href":"https:\/\/europe-land.eu\/lv\/wp-json\/wp\/v2\/pages\/2335","targetHints":{"allow":["GET"]}}],"collection":[{"href":"https:\/\/europe-land.eu\/lv\/wp-json\/wp\/v2\/pages"}],"about":[{"href":"https:\/\/europe-land.eu\/lv\/wp-json\/wp\/v2\/types\/page"}],"author":[{"embeddable":true,"href":"https:\/\/europe-land.eu\/lv\/wp-json\/wp\/v2\/users\/6"}],"replies":[{"embeddable":true,"href":"https:\/\/europe-land.eu\/lv\/wp-json\/wp\/v2\/comments?post=2335"}],"version-history":[{"count":9,"href":"https:\/\/europe-land.eu\/lv\/wp-json\/wp\/v2\/pages\/2335\/revisions"}],"predecessor-version":[{"id":2490,"href":"https:\/\/europe-land.eu\/lv\/wp-json\/wp\/v2\/pages\/2335\/revisions\/2490"}],"wp:attachment":[{"href":"https:\/\/europe-land.eu\/lv\/wp-json\/wp\/v2\/media?parent=2335"}],"curies":[{"name":"wp","href":"https:\/\/api.w.org\/{rel}","templated":true}]}}