{"id":167,"date":"2023-10-20T10:12:42","date_gmt":"2023-10-20T08:12:42","guid":{"rendered":"https:\/\/europe-land.eu\/?page_id=167"},"modified":"2026-03-27T10:55:21","modified_gmt":"2026-03-27T09:55:21","slug":"contact","status":"publish","type":"page","link":"https:\/\/europe-land.eu\/lv\/contact\/","title":{"rendered":"Sazinieties ar"},"content":{"rendered":"<p><strong>Franziska Wolf<\/strong><\/p>\n\n\n\n<p>Hamburgas Lieti\u0161\u0137o zin\u0101t\u0146u universit\u0101te<br>Fakult\u0101te Dz\u012bv\u012bbas zin\u0101t\u0146u<br>Research and Transfer Centre \u201eSustainable Development and Climate Change Management\u201c<\/p>\n\n\n\n<p>Ulmenliet 20<br>D-21033 Hamburga, V\u0101cija<\/p>\n\n\n\n<p><a href=\"mailto:info@europe-land.eu\" target=\"_blank\" rel=\"noreferrer noopener\">info@europe-land.eu<\/a><\/p>\n\n\n\n<p>T +49 40 428 75 6324<br>F +49 40 428 75 6079<\/p>\n\n\n<div class=\"wp-block-ub-divider ub_divider ub-divider-orientation-horizontal\" id=\"ub_divider_fc24d9ec-a8f9-41ae-bfa1-be2eaddea81a\"><div class=\"ub_divider_wrapper\" style=\"position: relative; margin-bottom: 2px; width: 100%; height: 2px; \" data-divider-alignment=\"center\"><div class=\"ub_divider_line\" style=\"border-top: 2px solid #ccc; margin-top: 2px; \"><\/div><\/div><\/div>\n\n\n<h3 class=\"wp-block-heading\"><strong>Atbild\u012bgs saska\u0146\u0101 ar Telemediju likumu (TMG) \u00a75:<\/strong><\/h3>\n\n\n\n<p>Hamburgas Lieti\u0161\u0137o zin\u0101t\u0146u universit\u0101te (HAW Hamburg)<br>Berliner Tor 5<br>20099 Hamburga<br>V\u0101cija<\/p>\n\n\n\n<p>Tel.: +49.40.428 75-0<br>Fakss: +49.40.428 75 91 49<\/p>\n\n\n<div class=\"wp-block-ub-divider ub_divider ub-divider-orientation-horizontal\" id=\"ub_divider_2dcda59f-287d-45ed-841d-cae8a9728808\"><div class=\"ub_divider_wrapper\" style=\"position: relative; margin-bottom: 2px; width: 100%; height: 2px; \" data-divider-alignment=\"center\"><div class=\"ub_divider_line\" style=\"border-top: 2px solid #ccc; margin-top: 2px; \"><\/div><\/div><\/div>\n\n\n<h3 class=\"wp-block-heading\"><strong>Juridisk\u0101 forma un juridisk\u0101 p\u0101rst\u0101v\u012bba<\/strong><\/h3>\n\n\n\n<p>HAW Hamburg (Hamburgas Lieti\u0161\u0137o zin\u0101t\u0146u universit\u0101te) ir publisko ties\u012bbu korpor\u0101cija.<br>HAW Hamburg juridiski p\u0101rst\u0101v Prof. Dr. Ute Lohrentz, HAW Hamburg, Berliner Tor 5, D-20099 Hamburg.<br>Regulat\u012bv\u0101 iest\u0101de ir Hamburgas Br\u012bv\u0101s un Hanzas pils\u0113tas Zin\u0101tnes un p\u0113tniec\u012bbas iest\u0101de, Hamburger Stra\u00dfe 37, D-22083 Hamburg.<br>PVN maks\u0101t\u0101ja re\u0123istr\u0101cijas numurs: DE 246571598<\/p>\n\n\n<div class=\"wp-block-ub-divider ub_divider ub-divider-orientation-horizontal\" id=\"ub_divider_d279c789-a1ea-4bf1-80cc-0ba9bba56733\"><div class=\"ub_divider_wrapper\" style=\"position: relative; margin-bottom: 2px; width: 100%; height: 2px; \" data-divider-alignment=\"center\"><div class=\"ub_divider_line\" style=\"border-top: 2px solid #ccc; margin-top: 2px; \"><\/div><\/div><\/div>\n\n\n<h3 class=\"wp-block-heading\"><strong>Atbild\u012bgs par \u0161\u012bs vietnes saturu<\/strong><\/h3>\n\n\n\n<p>Prof. Dr. Walter Leal<br>P\u0113tniec\u012bbas un p\u0101rneses centra \"Dabaszin\u0101t\u0146u lietojumi\" vad\u012bt\u0101js<br>HAW Hamburgas Dz\u012bv\u012bbas zin\u0101t\u0146u fakult\u0101te<br>Ulmenliet 20<br>21033 Hamburga<\/p>\n\n\n\n<p>Tel.: +49 4042875 6313<br>Fakss: +49 4042875 6079<\/p>\n\n\n\n<p>T\u012bmek\u013ca vietnes dizains: Ralfs Erats, <a rel=\"noreferrer noopener\" href=\"https:\/\/seitenprofi.de\" target=\"_blank\">seitenprofi.de<\/a><\/p>\n\n\n\n<p>Att\u0113li: <a rel=\"noreferrer noopener\" href=\"https:\/\/pixabay.com\" target=\"_blank\">pixabay<\/a><\/p>\n\n\n<div class=\"wp-block-ub-divider ub_divider ub-divider-orientation-horizontal\" id=\"ub_divider_52f9ebee-17d0-4e62-867a-30d17309a636\"><div class=\"ub_divider_wrapper\" style=\"position: relative; margin-bottom: 2px; width: 100%; height: 2px; \" data-divider-alignment=\"center\"><div class=\"ub_divider_line\" style=\"border-top: 2px solid #ccc; margin-top: 2px; \"><\/div><\/div><\/div>\n\n\n<h3 class=\"wp-block-heading\"><strong>Atruna<\/strong><\/h3>\n\n\n\n<p><strong>Atbild\u012bbas ierobe\u017eojums par iek\u0161\u0113jo saturu<\/strong><br>M\u016bsu t\u012bmek\u013ca vietnes saturs ir apkopots ar r\u016bp\u012bgu r\u016bp\u012bbu un saska\u0146\u0101 ar m\u016bsu lab\u0101kaj\u0101m zin\u0101\u0161an\u0101m. Tom\u0113r m\u0113s nevaram uz\u0146emties nek\u0101du atbild\u012bbu par jebkuras lapas aktualit\u0101ti, piln\u012bgumu vai precizit\u0101ti.<\/p>\n\n\n\n<p>Saska\u0146\u0101 ar 7. ieda\u013cas 7. panta 2. punktu. TMG (Telemediengesetz - V\u0101cijas Telemediju likums) 1. pantu m\u0113s k\u0101 pakalpojumu sniedz\u0113ji esam atbild\u012bgi par savu saturu \u0161aj\u0101s lap\u0101s saska\u0146\u0101 ar visp\u0101r\u0113jiem ties\u012bbu aktiem. Tom\u0113r saska\u0146\u0101 ar TMG 8.-10. pantu mums k\u0101 pakalpojumu sniedz\u0113jiem nav pien\u0101kuma uzraudz\u012bt \u0101r\u0113jo inform\u0101ciju, kas tiek sniegta vai uzglab\u0101ta m\u016bsu t\u012bmek\u013ca vietn\u0113. Tikl\u012bdz m\u0113s uzzin\u0101sim par konkr\u0113tu likuma p\u0101rk\u0101pumu, m\u0113s nekav\u0113joties dz\u0113s\u012bsim attiec\u012bgo saturu. Jebk\u0101du atbild\u012bbu par \u0161o jaut\u0101jumu var uz\u0146emties tikai no br\u012b\u017ea, kad mums k\u013c\u016bst zin\u0101ms par p\u0101rk\u0101pumu.<\/p>\n\n\n\n<p><strong>Atbild\u012bbas ierobe\u017eojums attiec\u012bb\u0101 uz \u0101r\u0113j\u0101m sait\u0113m<\/strong><br>M\u016bsu t\u012bmek\u013ca vietn\u0113 ir saites uz tre\u0161o personu t\u012bmek\u013ca vietn\u0113m (\"\u0101r\u0113j\u0101s saites\"). T\u0101 k\u0101 \u0161o t\u012bmek\u013ca viet\u0146u saturs nav m\u016bsu kontrol\u0113, m\u0113s nevaram uz\u0146emties nek\u0101du atbild\u012bbu par \u0161\u0101du \u0101r\u0113jo sai\u0161u saturu. Visos gad\u012bjumos par sniegto inform\u0101cijas saturu un precizit\u0101ti atbild saist\u012bto t\u012bmek\u013ca viet\u0146u inform\u0101cijas sniedz\u0113js. Laik\u0101, kad saites tika ievietotas, mums nebija konstat\u0113jami nek\u0101di ties\u012bbu aktu p\u0101rk\u0101pumi. Tikl\u012bdz m\u0113s uzzin\u0101sim par likuma p\u0101rk\u0101pumu, m\u0113s nekav\u0113joties no\u0146emsim attiec\u012bgo saiti.<\/p>\n\n\n\n<p><strong>Autorties\u012bbas<\/strong><br>\u0160aj\u0101 t\u012bmek\u013ca vietn\u0113 public\u0113to saturu un darbus reglament\u0113 V\u0101cijas autorties\u012bbu likumi. Jebk\u0101dai pavairo\u0161anai, apstr\u0101dei, izplat\u012b\u0161anai vai jebk\u0101da veida izmanto\u0161anai, kas p\u0101rsniedz autorties\u012bbu likuma darb\u012bbas jomu, ir nepiecie\u0161ama attiec\u012bg\u0101 autora vai autoru iepriek\u0161\u0113ja rakstiska piekri\u0161ana.<\/p>","protected":false},"excerpt":{"rendered":"<p>Franziska Wolf Hamburg University of Applied SciencesFaculty of Life SciencesResearch and Transfer Centre \u201eSustainable Development and Climate Change Management\u201c Ulmenliet 20D-21033 Hamburg, Germany info@europe-land.eu T&hellip;<\/p>","protected":false},"author":1,"featured_media":0,"parent":0,"menu_order":0,"comment_status":"closed","ping_status":"closed","template":"","meta":{"footnotes":""},"class_list":["post-167","page","type-page","status-publish","hentry"],"featured_image_url":[],"post_author":"Ralf","assigned_categories":"","featured_image_src":null,"_links":{"self":[{"href":"https:\/\/europe-land.eu\/lv\/wp-json\/wp\/v2\/pages\/167","targetHints":{"allow":["GET"]}}],"collection":[{"href":"https:\/\/europe-land.eu\/lv\/wp-json\/wp\/v2\/pages"}],"about":[{"href":"https:\/\/europe-land.eu\/lv\/wp-json\/wp\/v2\/types\/page"}],"author":[{"embeddable":true,"href":"https:\/\/europe-land.eu\/lv\/wp-json\/wp\/v2\/users\/1"}],"replies":[{"embeddable":true,"href":"https:\/\/europe-land.eu\/lv\/wp-json\/wp\/v2\/comments?post=167"}],"version-history":[{"count":3,"href":"https:\/\/europe-land.eu\/lv\/wp-json\/wp\/v2\/pages\/167\/revisions"}],"predecessor-version":[{"id":2213,"href":"https:\/\/europe-land.eu\/lv\/wp-json\/wp\/v2\/pages\/167\/revisions\/2213"}],"wp:attachment":[{"href":"https:\/\/europe-land.eu\/lv\/wp-json\/wp\/v2\/media?parent=167"}],"curies":[{"name":"wp","href":"https:\/\/api.w.org\/{rel}","templated":true}]}}