{"id":2335,"date":"2026-03-31T12:42:19","date_gmt":"2026-03-31T10:42:19","guid":{"rendered":"https:\/\/europe-land.eu\/?page_id=2335"},"modified":"2026-04-01T20:09:49","modified_gmt":"2026-04-01T18:09:49","slug":"europe-land-toolbox","status":"publish","type":"page","link":"https:\/\/europe-land.eu\/it\/europe-land-toolbox\/","title":{"rendered":"The Europe-LAND Toolbox"},"content":{"rendered":"<div class=\"wp-block-columns is-layout-flex wp-container-core-columns-is-layout-9d6595d7 wp-block-columns-is-layout-flex\">\n<div class=\"wp-block-column is-layout-flow wp-block-column-is-layout-flow\">\n<p>We\u2019re excited to share the Europe-LAND Toolbox, the core deliverable of the Europe-LAND project. Designed to support evidence-based decision-making, the Toolbox links spatial data to climate and biodiversity considerations. Whether you&#8217;re a researcher, planner, policymaker, or land user, this platform will empower you to better understand how land-use decisions, from the past and present, can shape future landscapes. <\/p>\n\n\n\n<p>Developed and led by our partners at Aristotle University of Thessaloniki (AUTH) under WP 6, the Toolbox brings together a wide range of geospatial datasets from trusted sources like Copernicus, CORINE, the European Environment Agency (EEA), and Eurostat. Users can explore dynamic land-use scenarios, assess the environmental impacts of different strategies, and even upload their own data for customized analysis.<\/p>\n\n\n\n<p>Ma la piattaforma non \u00e8 solo una questione di dati, bens\u00ec di progettazione partecipativa: \u00e8 stata costruita tenendo conto delle esigenze degli utenti del mondo reale e continua a evolversi grazie ai continui feedback provenienti da tutta Europa. Inoltre, integra i principali risultati del pi\u00f9 ampio progetto Europe-LAND, fungendo da hub centrale per la visualizzazione dei risultati della ricerca e la facilitazione dei processi di pianificazione collaborativa.<\/p>\n<\/div>\n\n\n\n<div class=\"wp-block-column is-layout-flow wp-block-column-is-layout-flow\">\n<figure class=\"wp-block-embed is-type-video is-provider-youtube wp-block-embed-youtube wp-embed-aspect-16-9 wp-has-aspect-ratio\"><div class=\"wp-block-embed__wrapper\">\n<iframe loading=\"lazy\" title=\"Developing a digital toolbox for sustainable land-use and land management 2.0\" width=\"843\" height=\"474\" src=\"https:\/\/www.youtube.com\/embed\/InaJVNII3Ds?feature=oembed\" frameborder=\"0\" allow=\"accelerometer; autoplay; clipboard-write; encrypted-media; gyroscope; picture-in-picture; web-share\" referrerpolicy=\"strict-origin-when-cross-origin\" allowfullscreen><\/iframe>\n<\/div><\/figure>\n<\/div>\n<\/div>\n\n\n<div style=\"gap: 20px;\" class=\"align-button-left ub-buttons orientation-button-row ub-flex-wrap wp-block-ub-button\" id=\"ub-button-cf238041-a326-4656-bd1b-7e25c40194c2\"><div class=\"ub-button-container\">\n\t\t\t<a href=\"https:\/\/europe-land.civil.auth.gr\/wp-content-new-template\/static\/\" target=\"_blank\" rel=\"noopener noreferrer\" class=\"ub-button-block-main   ub-button-flex\" role=\"button\" style=\"--ub-button-background-color: #066f4c; --ub-button-color: #ffffff; --ub-button-border: none; --ub-button-hover-background-color: #313131; --ub-button-hover-color: #ffffff; --ub-button-hover-border: none; padding-top: 10px; padding-right: 10px; padding-bottom: 10px; padding-left: 10px; border-top-left-radius: 10px;; border-top-right-radius: 10px;; border-bottom-left-radius: 10px;; border-bottom-right-radius: 10px;; \">\n\t\t\t\t<div class=\"ub-button-content-holder\" style=\"flex-direction: row\">\n\t\t\t\t\t<span class=\"ub-button-block-btn\">Access the Europe-LAND Toolbox here<\/span>\n\t\t\t\t<\/div>\n\t\t\t<\/a>\n\t\t<\/div><\/div>\n\n\n<div style=\"height:25px\" aria-hidden=\"true\" class=\"wp-block-spacer\"><\/div>\n\n\n\n<p>La cassetta degli attrezzi \u00e8 intuitiva e accessibile e presenta:<\/p>\n\n\n\n<ul class=\"wp-block-list\">\n<li><strong>Strumenti GIS personalizzabili<\/strong>&nbsp;per la costruzione di scenari e la simulazione dell'uso del suolo<\/li>\n\n\n\n<li><strong>Caratteristiche del coinvolgimento delle parti interessate<\/strong>, compresi i giochi seri per esplorare i compromessi politici.<\/li>\n\n\n\n<li><strong>Set di dati ad accesso aperto<\/strong>&nbsp;con opzioni per i file caricati dall'utente<\/li>\n\n\n\n<li><strong>Dati pronti per l'apprendimento automatico<\/strong>&nbsp;per applicazioni di ricerca avanzate<\/li>\n\n\n\n<li><strong>Moduli di formazione e risorse per lo sviluppo delle capacit\u00e0<\/strong>&nbsp;per supportare gli utenti a tutti i livelli<\/li>\n<\/ul>\n\n\n\n<p>Questo \u00e8 solo l'inizio. I futuri aggiornamenti amplieranno la copertura tematica della piattaforma, miglioreranno l'usabilit\u00e0 e introdurranno nuove funzionalit\u00e0 interattive basate sul feedback degli stakeholder. Lo Europe-LAND Toolbox mira a diventare una risorsa di riferimento per chiunque sia coinvolto nella definizione di strategie di gestione del territorio pi\u00f9 sostenibili e resistenti al clima in tutta Europa.<\/p>\n\n\n\n<div class=\"wp-block-columns is-layout-flex wp-container-core-columns-is-layout-9d6595d7 wp-block-columns-is-layout-flex\">\n<div class=\"wp-block-column is-layout-flow wp-block-column-is-layout-flow\" style=\"flex-basis:100%\">\n<div style=\"height:34px\" aria-hidden=\"true\" class=\"wp-block-spacer\"><\/div>\n\n\n\n<h2 class=\"wp-block-heading has-text-color has-link-color wp-elements-922cc0c2fb6fd0460e32f0e5fb750553\" id=\"0-toolbox-tutorial-videos\" style=\"color:#082457\">Toolbox Tutorial Videos<\/h2>\n\n\n\n<div class=\"wp-block-columns is-layout-flex wp-container-core-columns-is-layout-9d6595d7 wp-block-columns-is-layout-flex\">\n<div class=\"wp-block-column is-layout-flow wp-block-column-is-layout-flow\">\n<p class=\"has-text-align-center\"><strong>Tutorial #1 \u2013 General Presentation<\/strong><\/p>\n\n\n\n<figure class=\"wp-block-embed is-type-video is-provider-youtube wp-block-embed-youtube wp-embed-aspect-16-9 wp-has-aspect-ratio\"><div class=\"wp-block-embed__wrapper\">\n<iframe loading=\"lazy\" title=\"Europe-LAND Toolbox v1.6 | Video Tutorial #1 \u2013 General Presentation\" width=\"843\" height=\"474\" src=\"https:\/\/www.youtube.com\/embed\/DtpzYuy9kWY?feature=oembed\" frameborder=\"0\" allow=\"accelerometer; autoplay; clipboard-write; encrypted-media; gyroscope; picture-in-picture; web-share\" referrerpolicy=\"strict-origin-when-cross-origin\" allowfullscreen><\/iframe>\n<\/div><\/figure>\n<\/div>\n\n\n\n<div class=\"wp-block-column is-layout-flow wp-block-column-is-layout-flow\">\n<p class=\"has-text-align-center\"><strong>Tutorial #2 \u2013 Data<\/strong><\/p>\n\n\n\n<figure class=\"wp-block-embed is-type-video is-provider-youtube wp-block-embed-youtube wp-embed-aspect-16-9 wp-has-aspect-ratio\"><div class=\"wp-block-embed__wrapper\">\n<iframe loading=\"lazy\" title=\"Europe-LAND Toolbox v1.6 | Video Tutorial #2 \u2013 Data\" width=\"843\" height=\"474\" src=\"https:\/\/www.youtube.com\/embed\/QcJkUy3Tte8?feature=oembed\" frameborder=\"0\" allow=\"accelerometer; autoplay; clipboard-write; encrypted-media; gyroscope; picture-in-picture; web-share\" referrerpolicy=\"strict-origin-when-cross-origin\" allowfullscreen><\/iframe>\n<\/div><\/figure>\n<\/div>\n\n\n\n<div class=\"wp-block-column is-layout-flow wp-block-column-is-layout-flow\">\n<p class=\"has-text-align-center\"><strong>Tutorial #3 \u2013 Tools<\/strong><\/p>\n\n\n\n<figure class=\"wp-block-embed is-type-video is-provider-youtube wp-block-embed-youtube wp-embed-aspect-16-9 wp-has-aspect-ratio\"><div class=\"wp-block-embed__wrapper\">\n<iframe loading=\"lazy\" title=\"Europe-LAND Toolbox v1.6 | Video Tutorial #3 \u2013 Tools\" width=\"843\" height=\"474\" src=\"https:\/\/www.youtube.com\/embed\/obrbfIvTbbI?feature=oembed\" frameborder=\"0\" allow=\"accelerometer; autoplay; clipboard-write; encrypted-media; gyroscope; picture-in-picture; web-share\" referrerpolicy=\"strict-origin-when-cross-origin\" allowfullscreen><\/iframe>\n<\/div><\/figure>\n<\/div>\n<\/div>\n<\/div>\n<\/div>\n\n\n\n<div class=\"wp-block-columns is-layout-flex wp-container-core-columns-is-layout-9d6595d7 wp-block-columns-is-layout-flex\">\n<div class=\"wp-block-column is-layout-flow wp-block-column-is-layout-flow\">\n<p class=\"has-text-align-center\"><strong>Tutorial #4 \u2013 Project data<\/strong><\/p>\n\n\n\n<figure class=\"wp-block-embed is-type-video is-provider-youtube wp-block-embed-youtube wp-embed-aspect-16-9 wp-has-aspect-ratio\"><div class=\"wp-block-embed__wrapper\">\n<iframe loading=\"lazy\" title=\"Europe-LAND Toolbox v1.6 | Video Tutorial #4 \u2013 Project data\" width=\"843\" height=\"474\" src=\"https:\/\/www.youtube.com\/embed\/upSoiXn0jX4?feature=oembed\" frameborder=\"0\" allow=\"accelerometer; autoplay; clipboard-write; encrypted-media; gyroscope; picture-in-picture; web-share\" referrerpolicy=\"strict-origin-when-cross-origin\" allowfullscreen><\/iframe>\n<\/div><\/figure>\n<\/div>\n\n\n\n<div class=\"wp-block-column is-layout-flow wp-block-column-is-layout-flow\">\n<p class=\"has-text-align-center\"><strong>Tutorial #5 \u2013 Help<\/strong><\/p>\n\n\n\n<figure class=\"wp-block-embed is-type-video is-provider-youtube wp-block-embed-youtube wp-embed-aspect-16-9 wp-has-aspect-ratio\"><div class=\"wp-block-embed__wrapper\">\n<iframe loading=\"lazy\" title=\"Europe-LAND Toolbox v1.6 | Video Tutorial #5 \u2013 Help\" width=\"843\" height=\"474\" src=\"https:\/\/www.youtube.com\/embed\/eBJTmKuGMSE?feature=oembed\" frameborder=\"0\" allow=\"accelerometer; autoplay; clipboard-write; encrypted-media; gyroscope; picture-in-picture; web-share\" referrerpolicy=\"strict-origin-when-cross-origin\" allowfullscreen><\/iframe>\n<\/div><\/figure>\n<\/div>\n\n\n\n<div class=\"wp-block-column is-layout-flow wp-block-column-is-layout-flow\">\n<p class=\"has-text-align-center\"><strong>Tutorial #6 \u2013 Feedback<\/strong><\/p>\n\n\n\n<figure class=\"wp-block-embed is-type-video is-provider-youtube wp-block-embed-youtube wp-embed-aspect-16-9 wp-has-aspect-ratio\"><div class=\"wp-block-embed__wrapper\">\n<iframe loading=\"lazy\" title=\"Europe-LAND Toolbox v1.6 | Video Tutorial #6 \u2013 Join the Mission - Feedback\" width=\"843\" height=\"474\" src=\"https:\/\/www.youtube.com\/embed\/1XpV6oOVOFI?feature=oembed\" frameborder=\"0\" allow=\"accelerometer; autoplay; clipboard-write; encrypted-media; gyroscope; picture-in-picture; web-share\" referrerpolicy=\"strict-origin-when-cross-origin\" allowfullscreen><\/iframe>\n<\/div><\/figure>\n<\/div>\n<\/div>\n\n\n\n<div class=\"wp-block-columns is-layout-flex wp-container-core-columns-is-layout-9d6595d7 wp-block-columns-is-layout-flex\">\n<div class=\"wp-block-column is-layout-flow wp-block-column-is-layout-flow\">\n<p class=\"has-text-align-center\"><strong>Tutorial #7 \u2013 Draw tools<\/strong><\/p>\n\n\n\n<figure class=\"wp-block-embed is-type-video is-provider-youtube wp-block-embed-youtube wp-embed-aspect-16-9 wp-has-aspect-ratio\"><div class=\"wp-block-embed__wrapper\">\n<iframe loading=\"lazy\" title=\"Europe-LAND Toolbox v1.6 | Video Tutorial #7 \u2013 Draw tools\" width=\"843\" height=\"474\" src=\"https:\/\/www.youtube.com\/embed\/Rk96dMcE5eM?feature=oembed\" frameborder=\"0\" allow=\"accelerometer; autoplay; clipboard-write; encrypted-media; gyroscope; picture-in-picture; web-share\" referrerpolicy=\"strict-origin-when-cross-origin\" allowfullscreen><\/iframe>\n<\/div><\/figure>\n<\/div>\n\n\n\n<div class=\"wp-block-column is-layout-flow wp-block-column-is-layout-flow\">\n<p class=\"has-text-align-center\"><strong>Tutorial #8 \u2013 Example 1: Urban Fabric Expansion vs Flood Risk<\/strong><\/p>\n\n\n\n<figure class=\"wp-block-embed is-type-video is-provider-youtube wp-block-embed-youtube wp-embed-aspect-16-9 wp-has-aspect-ratio\"><div class=\"wp-block-embed__wrapper\">\n<iframe loading=\"lazy\" title=\"Europe-LAND Toolbox | Video Tutorial #8 \u2013 Example 1: Urban Fabric Expansion vs Flood Risk\" width=\"843\" height=\"474\" src=\"https:\/\/www.youtube.com\/embed\/AVDX_MgPMwU?feature=oembed\" frameborder=\"0\" allow=\"accelerometer; autoplay; clipboard-write; encrypted-media; gyroscope; picture-in-picture; web-share\" referrerpolicy=\"strict-origin-when-cross-origin\" allowfullscreen><\/iframe>\n<\/div><\/figure>\n<\/div>\n\n\n\n<div class=\"wp-block-column is-layout-flow wp-block-column-is-layout-flow\">\n<p class=\"has-text-align-center\"><strong>Tutorial #9 \u2013 Example 2: Wildfires Reshaping LULC vs Flood Risk<\/strong><\/p>\n\n\n\n<figure class=\"wp-block-embed is-type-video is-provider-youtube wp-block-embed-youtube wp-embed-aspect-16-9 wp-has-aspect-ratio\"><div class=\"wp-block-embed__wrapper\">\n<iframe loading=\"lazy\" title=\"Europe-LAND Toolbox | Video Tutorial #9 \u2013 Example 2: Wildfires Reshaping LULC vs Flood Risk\" width=\"843\" height=\"474\" src=\"https:\/\/www.youtube.com\/embed\/HADl4SZ2t0w?feature=oembed\" frameborder=\"0\" allow=\"accelerometer; autoplay; clipboard-write; encrypted-media; gyroscope; picture-in-picture; web-share\" referrerpolicy=\"strict-origin-when-cross-origin\" allowfullscreen><\/iframe>\n<\/div><\/figure>\n<\/div>\n<\/div>","protected":false},"excerpt":{"rendered":"<p>We\u2019re excited to share the Europe-LAND Toolbox, the core deliverable of the Europe-LAND project. Designed to support evidence-based decision-making, the Toolbox links spatial data to&hellip;<\/p>","protected":false},"author":6,"featured_media":0,"parent":0,"menu_order":0,"comment_status":"closed","ping_status":"closed","template":"","meta":{"footnotes":""},"class_list":["post-2335","page","type-page","status-publish","hentry"],"featured_image_url":[],"post_author":"Megan Curling","assigned_categories":"","featured_image_src":null,"_links":{"self":[{"href":"https:\/\/europe-land.eu\/it\/wp-json\/wp\/v2\/pages\/2335","targetHints":{"allow":["GET"]}}],"collection":[{"href":"https:\/\/europe-land.eu\/it\/wp-json\/wp\/v2\/pages"}],"about":[{"href":"https:\/\/europe-land.eu\/it\/wp-json\/wp\/v2\/types\/page"}],"author":[{"embeddable":true,"href":"https:\/\/europe-land.eu\/it\/wp-json\/wp\/v2\/users\/6"}],"replies":[{"embeddable":true,"href":"https:\/\/europe-land.eu\/it\/wp-json\/wp\/v2\/comments?post=2335"}],"version-history":[{"count":9,"href":"https:\/\/europe-land.eu\/it\/wp-json\/wp\/v2\/pages\/2335\/revisions"}],"predecessor-version":[{"id":2490,"href":"https:\/\/europe-land.eu\/it\/wp-json\/wp\/v2\/pages\/2335\/revisions\/2490"}],"wp:attachment":[{"href":"https:\/\/europe-land.eu\/it\/wp-json\/wp\/v2\/media?parent=2335"}],"curies":[{"name":"wp","href":"https:\/\/api.w.org\/{rel}","templated":true}]}}