{"id":167,"date":"2023-10-20T10:12:42","date_gmt":"2023-10-20T08:12:42","guid":{"rendered":"https:\/\/europe-land.eu\/?page_id=167"},"modified":"2026-03-27T10:55:21","modified_gmt":"2026-03-27T09:55:21","slug":"contact","status":"publish","type":"page","link":"https:\/\/europe-land.eu\/it\/contact\/","title":{"rendered":"Contatto"},"content":{"rendered":"<p><strong>Franziska Wolf<\/strong><\/p>\n\n\n\n<p>Universit\u00e0 di Scienze Applicate di Amburgo<br>Facolt\u00e0 di Scienze della Vita<br>Research and Transfer Centre \u201eSustainable Development and Climate Change Management\u201c<\/p>\n\n\n\n<p>Ulmenliet 20<br>D-21033 Amburgo, Germania<\/p>\n\n\n\n<p><a href=\"mailto:info@europe-land.eu\" target=\"_blank\" rel=\"noreferrer noopener\">info@europe-land.eu<\/a><\/p>\n\n\n\n<p>T +49 40 428 75 6324<br>F +49 40 428 75 6079<\/p>\n\n\n<div class=\"wp-block-ub-divider ub_divider ub-divider-orientation-horizontal\" id=\"ub_divider_fc24d9ec-a8f9-41ae-bfa1-be2eaddea81a\"><div class=\"ub_divider_wrapper\" style=\"position: relative; margin-bottom: 2px; width: 100%; height: 2px; \" data-divider-alignment=\"center\"><div class=\"ub_divider_line\" style=\"border-top: 2px solid #ccc; margin-top: 2px; \"><\/div><\/div><\/div>\n\n\n<h3 class=\"wp-block-heading\"><strong>Responsabile ai sensi del \u00a75 della Legge sui Telemedia (TMG):<\/strong><\/h3>\n\n\n\n<p>Universit\u00e0 di Scienze Applicate di Amburgo (HAW Hamburg)<br>Berliner Tor 5<br>20099 Amburgo<br>Germania<\/p>\n\n\n\n<p>Tel: +49.40.428 75-0<br>Fax: +49.40.428 75 91 49<\/p>\n\n\n<div class=\"wp-block-ub-divider ub_divider ub-divider-orientation-horizontal\" id=\"ub_divider_2dcda59f-287d-45ed-841d-cae8a9728808\"><div class=\"ub_divider_wrapper\" style=\"position: relative; margin-bottom: 2px; width: 100%; height: 2px; \" data-divider-alignment=\"center\"><div class=\"ub_divider_line\" style=\"border-top: 2px solid #ccc; margin-top: 2px; \"><\/div><\/div><\/div>\n\n\n<h3 class=\"wp-block-heading\"><strong>Forma giuridica e rappresentanza legale<\/strong><\/h3>\n\n\n\n<p>La HAW Hamburg (Hamburg University of Applied Sciences) \u00e8 una societ\u00e0 di diritto pubblico.<br>La HAW Hamburg \u00e8 legalmente rappresentata dal Prof. Dr. Ute Lohrentz, Presidente della HAW Hamburg, Berliner Tor 5, D-20099 Hamburg.<br>L'autorit\u00e0 di regolamentazione \u00e8 l'Autorit\u00e0 per la Scienza e la Ricerca della Citt\u00e0 Libera e Anseatica di Amburgo, Hamburger Stra\u00dfe 37, D-22083 Amburgo.<br>Numero di partita IVA: DE 246571598<\/p>\n\n\n<div class=\"wp-block-ub-divider ub_divider ub-divider-orientation-horizontal\" id=\"ub_divider_d279c789-a1ea-4bf1-80cc-0ba9bba56733\"><div class=\"ub_divider_wrapper\" style=\"position: relative; margin-bottom: 2px; width: 100%; height: 2px; \" data-divider-alignment=\"center\"><div class=\"ub_divider_line\" style=\"border-top: 2px solid #ccc; margin-top: 2px; \"><\/div><\/div><\/div>\n\n\n<h3 class=\"wp-block-heading\"><strong>Responsabile del contenuto di questo sito web<\/strong><\/h3>\n\n\n\n<p>Prof. Dr. Walter Leal<br>Responsabile del Centro di Ricerca e Trasferimento \"Applicazioni delle Scienze della Vita\".<br>HAW Amburgo, Facolt\u00e0 di Scienze della Vita<br>Ulmenliet 20<br>21033 Amburgo<\/p>\n\n\n\n<p>Tel: +49 4042875 6313<br>Fax: +49 4042875 6079<\/p>\n\n\n\n<p>Webdesign: Ralf Erat, <a rel=\"noreferrer noopener\" href=\"https:\/\/seitenprofi.de\" target=\"_blank\">seitenprofi.de<\/a><\/p>\n\n\n\n<p>Immagini: <a rel=\"noreferrer noopener\" href=\"https:\/\/pixabay.com\" target=\"_blank\">pixabay<\/a><\/p>\n\n\n<div class=\"wp-block-ub-divider ub_divider ub-divider-orientation-horizontal\" id=\"ub_divider_52f9ebee-17d0-4e62-867a-30d17309a636\"><div class=\"ub_divider_wrapper\" style=\"position: relative; margin-bottom: 2px; width: 100%; height: 2px; \" data-divider-alignment=\"center\"><div class=\"ub_divider_line\" style=\"border-top: 2px solid #ccc; margin-top: 2px; \"><\/div><\/div><\/div>\n\n\n<h3 class=\"wp-block-heading\"><strong>Esclusione di responsabilit\u00e0<\/strong><\/h3>\n\n\n\n<p><strong>Limitazione di responsabilit\u00e0 per i contenuti interni<\/strong><br>Il contenuto del nostro sito web \u00e8 stato redatto con meticolosa cura e al meglio delle nostre conoscenze. Tuttavia, non ci assumiamo alcuna responsabilit\u00e0 per l'attualit\u00e0, la completezza o l'accuratezza delle pagine.<\/p>\n\n\n\n<p>Ai sensi dell'art. 7, par. 1 della TMG (Telemediengesetz - Legge sui Tele Media di diritto tedesco), in qualit\u00e0 di fornitori di servizi siamo responsabili dei nostri contenuti su queste pagine in conformit\u00e0 alle leggi generali. Tuttavia, ai sensi degli articoli da 8 a 10 della TMG, in qualit\u00e0 di fornitori di servizi non siamo tenuti a monitorare le informazioni esterne fornite o memorizzate sul nostro sito web. Una volta venuti a conoscenza di una specifica violazione della legge, provvederemo a rimuovere immediatamente il contenuto in questione. Qualsiasi responsabilit\u00e0 in materia pu\u00f2 essere assunta solo a partire dal momento in cui siamo venuti a conoscenza della violazione.<\/p>\n\n\n\n<p><strong>Limitazione di responsabilit\u00e0 per i link esterni<\/strong><br>Il nostro sito web contiene link a siti web di terzi (\"link esterni\"). Poich\u00e9 il contenuto di questi siti web non \u00e8 sotto il nostro controllo, non possiamo assumerci alcuna responsabilit\u00e0 per tali contenuti esterni. In ogni caso, il fornitore di informazioni dei siti web collegati \u00e8 responsabile del contenuto e dell'accuratezza delle informazioni fornite. Al momento dell'inserimento dei link, non ci sono state riconosciute violazioni della legge. Non appena saremo a conoscenza di una violazione della legge, provvederemo a rimuovere immediatamente il link in questione.<\/p>\n\n\n\n<p><strong>Copyright<\/strong><br>I contenuti e le opere pubblicati su questo sito web sono regolati dalle leggi sul copyright della Germania. Qualsiasi duplicazione, elaborazione, distribuzione o qualsiasi forma di utilizzo che esuli dall'ambito di applicazione della legge sul diritto d'autore richiede il previo consenso scritto dell'autore o degli autori in questione.<\/p>","protected":false},"excerpt":{"rendered":"<p>Franziska Wolf Hamburg University of Applied SciencesFaculty of Life SciencesResearch and Transfer Centre \u201eSustainable Development and Climate Change Management\u201c Ulmenliet 20D-21033 Hamburg, Germany info@europe-land.eu T&hellip;<\/p>","protected":false},"author":1,"featured_media":0,"parent":0,"menu_order":0,"comment_status":"closed","ping_status":"closed","template":"","meta":{"footnotes":""},"class_list":["post-167","page","type-page","status-publish","hentry"],"featured_image_url":[],"post_author":"Ralf","assigned_categories":"","featured_image_src":null,"_links":{"self":[{"href":"https:\/\/europe-land.eu\/it\/wp-json\/wp\/v2\/pages\/167","targetHints":{"allow":["GET"]}}],"collection":[{"href":"https:\/\/europe-land.eu\/it\/wp-json\/wp\/v2\/pages"}],"about":[{"href":"https:\/\/europe-land.eu\/it\/wp-json\/wp\/v2\/types\/page"}],"author":[{"embeddable":true,"href":"https:\/\/europe-land.eu\/it\/wp-json\/wp\/v2\/users\/1"}],"replies":[{"embeddable":true,"href":"https:\/\/europe-land.eu\/it\/wp-json\/wp\/v2\/comments?post=167"}],"version-history":[{"count":3,"href":"https:\/\/europe-land.eu\/it\/wp-json\/wp\/v2\/pages\/167\/revisions"}],"predecessor-version":[{"id":2213,"href":"https:\/\/europe-land.eu\/it\/wp-json\/wp\/v2\/pages\/167\/revisions\/2213"}],"wp:attachment":[{"href":"https:\/\/europe-land.eu\/it\/wp-json\/wp\/v2\/media?parent=167"}],"curies":[{"name":"wp","href":"https:\/\/api.w.org\/{rel}","templated":true}]}}