{"id":167,"date":"2023-10-20T10:12:42","date_gmt":"2023-10-20T08:12:42","guid":{"rendered":"https:\/\/europe-land.eu\/?page_id=167"},"modified":"2026-03-27T10:55:21","modified_gmt":"2026-03-27T09:55:21","slug":"contact","status":"publish","type":"page","link":"https:\/\/europe-land.eu\/et\/contact\/","title":{"rendered":"Kontakt"},"content":{"rendered":"<p><strong>Franziska Wolf<\/strong><\/p>\n\n\n\n<p>Hamburgi rakendusk\u00f5rgkool<br>Bioteaduskond<br>Research and Transfer Centre \u201eSustainable Development and Climate Change Management\u201c<\/p>\n\n\n\n<p>Ulmenliet 20<br>D-21033 Hamburg, Saksamaa<\/p>\n\n\n\n<p><a href=\"mailto:info@europe-land.eu\" target=\"_blank\" rel=\"noreferrer noopener\">info@europe-land.eu<\/a><\/p>\n\n\n\n<p>T +49 40 428 75 6324<br>F +49 40 428 75 6079<\/p>\n\n\n<div class=\"wp-block-ub-divider ub_divider ub-divider-orientation-horizontal\" id=\"ub_divider_fc24d9ec-a8f9-41ae-bfa1-be2eaddea81a\"><div class=\"ub_divider_wrapper\" style=\"position: relative; margin-bottom: 2px; width: 100%; height: 2px; \" data-divider-alignment=\"center\"><div class=\"ub_divider_line\" style=\"border-top: 2px solid #ccc; margin-top: 2px; \"><\/div><\/div><\/div>\n\n\n<h3 class=\"wp-block-heading\"><strong>Vastutab vastavalt telemediaseaduse (TMG) \u00a75:<\/strong><\/h3>\n\n\n\n<p>Hamburgi rakendusk\u00f5rgkool (HAW Hamburg)<br>Berliner Tor 5<br>20099 Hamburg<br>Saksamaa<\/p>\n\n\n\n<p>Tel: +49.40.428 75-0<br>Faks: +49.40.428 75 91 49<\/p>\n\n\n<div class=\"wp-block-ub-divider ub_divider ub-divider-orientation-horizontal\" id=\"ub_divider_2dcda59f-287d-45ed-841d-cae8a9728808\"><div class=\"ub_divider_wrapper\" style=\"position: relative; margin-bottom: 2px; width: 100%; height: 2px; \" data-divider-alignment=\"center\"><div class=\"ub_divider_line\" style=\"border-top: 2px solid #ccc; margin-top: 2px; \"><\/div><\/div><\/div>\n\n\n<h3 class=\"wp-block-heading\"><strong>\u00d5iguslik vorm ja seaduslik esindamine<\/strong><\/h3>\n\n\n\n<p>HAW Hamburg (Hamburgi rakendusk\u00f5rgkool) on avalik-\u00f5iguslik ettev\u00f5te.<br>HAW Hamburgi juriidiline esindaja on Prof. Dr. Ute Lohrentz, HAW Hamburgi president, Berliner Tor 5, D-20099 Hamburg.<br>Reguleeriv asutus on Hamburgi Vaba ja Hansalinna teadus- ja uurimisasutus, Hamburger Stra\u00dfe 37, D-22083 Hamburg.<br>K\u00e4ibemaksu ID number: DE 246571598<\/p>\n\n\n<div class=\"wp-block-ub-divider ub_divider ub-divider-orientation-horizontal\" id=\"ub_divider_d279c789-a1ea-4bf1-80cc-0ba9bba56733\"><div class=\"ub_divider_wrapper\" style=\"position: relative; margin-bottom: 2px; width: 100%; height: 2px; \" data-divider-alignment=\"center\"><div class=\"ub_divider_line\" style=\"border-top: 2px solid #ccc; margin-top: 2px; \"><\/div><\/div><\/div>\n\n\n<h3 class=\"wp-block-heading\"><strong>Vastutab selle veebisaidi sisu eest<\/strong><\/h3>\n\n\n\n<p>Prof. Dr. Walter Leal<br>Teadus- ja \u00fclekandekeskuse \"Bioteaduste rakendused\" juhataja<br>HAW Hamburg, bioteaduskond<br>Ulmenliet 20<br>21033 Hamburg<\/p>\n\n\n\n<p>Tel: +49 4042875 6313<br>Faks: +49 4042875 6079<\/p>\n\n\n\n<p>Veebidisain: Ralf Erat, <a rel=\"noreferrer noopener\" href=\"https:\/\/seitenprofi.de\" target=\"_blank\">seitenprofi.de<\/a><\/p>\n\n\n\n<p>Pildid: <a rel=\"noreferrer noopener\" href=\"https:\/\/pixabay.com\" target=\"_blank\">pixabay<\/a><\/p>\n\n\n<div class=\"wp-block-ub-divider ub_divider ub-divider-orientation-horizontal\" id=\"ub_divider_52f9ebee-17d0-4e62-867a-30d17309a636\"><div class=\"ub_divider_wrapper\" style=\"position: relative; margin-bottom: 2px; width: 100%; height: 2px; \" data-divider-alignment=\"center\"><div class=\"ub_divider_line\" style=\"border-top: 2px solid #ccc; margin-top: 2px; \"><\/div><\/div><\/div>\n\n\n<h3 class=\"wp-block-heading\"><strong>Vastutusn\u00f5ue<\/strong><\/h3>\n\n\n\n<p><strong>Vastutuse piiramine sisemise sisu eest<\/strong><br>Meie veebilehe sisu on koostatud hoolikalt ja meie parima teadmise kohaselt. Siiski ei saa me v\u00f5tta vastutust \u00fchegi lehek\u00fclje ajakohasuse, t\u00e4ielikkuse v\u00f5i t\u00e4psuse eest.<\/p>\n\n\n\n<p>Vastavalt paragrahvi 7 l\u00f5ikele. TMG (Telemediengesetz - Saksa \u00f5iguse kohaselt telemeediaseadus) paragrahvi 1 kohaselt vastutame me teenusepakkujatena nende lehek\u00fclgede sisu eest vastavalt \u00fcldistele seadustele. Vastavalt TMG paragrahvidele 8-10 ei ole me teenusepakkujatena siiski kohustatud j\u00e4lgima meie veebisaidil esitatud v\u00f5i salvestatud v\u00e4list teavet. Kui oleme saanud teada konkreetsest seaduserikkumisest, eemaldame asjaomase sisu viivitamatult. Mis tahes vastutust selles k\u00fcsimuses saab v\u00f5tta alles alates hetkest, mil rikkumine meile teatavaks sai.<\/p>\n\n\n\n<p><strong>Vastutuse piiramine v\u00e4liste linkide eest<\/strong><br>Meie veebisait sisaldab linke kolmandate isikute veebisaitidele (\"v\u00e4lised lingid\"). Kuna nende veebisaitide sisu ei ole meie kontrolli all, ei saa me v\u00f5tta vastutust sellise v\u00e4lise sisu eest. Igal juhul vastutab lingitud veebisaitide teabe pakkuja esitatud teabe sisu ja t\u00e4psuse eest. Linkide paigutamise ajal ei olnud meile teada \u00fchtegi seaduserikkumist. Niipea, kui meile saab teatavaks seaduserikkumine, eemaldame viivitamata k\u00f5nealuse lingi.<\/p>\n\n\n\n<p><strong>Autori\u00f5igus<\/strong><br>Sellel veebisaidil avaldatud sisu ja teosed on reguleeritud Saksamaa autori\u00f5iguse seadustega. Igasugune paljundamine, t\u00f6\u00f6tlemine, levitamine v\u00f5i mis tahes vormis kasutamine v\u00e4ljaspool autori\u00f5iguse seaduste reguleerimisala n\u00f5uab asjaomase autori v\u00f5i autorite eelnevat kirjalikku n\u00f5usolekut.<\/p>","protected":false},"excerpt":{"rendered":"<p>Franziska Wolf Hamburg University of Applied SciencesFaculty of Life SciencesResearch and Transfer Centre \u201eSustainable Development and Climate Change Management\u201c Ulmenliet 20D-21033 Hamburg, Germany info@europe-land.eu T&hellip;<\/p>","protected":false},"author":1,"featured_media":0,"parent":0,"menu_order":0,"comment_status":"closed","ping_status":"closed","template":"","meta":{"footnotes":""},"class_list":["post-167","page","type-page","status-publish","hentry"],"featured_image_url":[],"post_author":"Ralf","assigned_categories":"","featured_image_src":null,"_links":{"self":[{"href":"https:\/\/europe-land.eu\/et\/wp-json\/wp\/v2\/pages\/167","targetHints":{"allow":["GET"]}}],"collection":[{"href":"https:\/\/europe-land.eu\/et\/wp-json\/wp\/v2\/pages"}],"about":[{"href":"https:\/\/europe-land.eu\/et\/wp-json\/wp\/v2\/types\/page"}],"author":[{"embeddable":true,"href":"https:\/\/europe-land.eu\/et\/wp-json\/wp\/v2\/users\/1"}],"replies":[{"embeddable":true,"href":"https:\/\/europe-land.eu\/et\/wp-json\/wp\/v2\/comments?post=167"}],"version-history":[{"count":3,"href":"https:\/\/europe-land.eu\/et\/wp-json\/wp\/v2\/pages\/167\/revisions"}],"predecessor-version":[{"id":2213,"href":"https:\/\/europe-land.eu\/et\/wp-json\/wp\/v2\/pages\/167\/revisions\/2213"}],"wp:attachment":[{"href":"https:\/\/europe-land.eu\/et\/wp-json\/wp\/v2\/media?parent=167"}],"curies":[{"name":"wp","href":"https:\/\/api.w.org\/{rel}","templated":true}]}}