{"id":1369,"date":"2025-03-24T12:44:57","date_gmt":"2025-03-24T11:44:57","guid":{"rendered":"https:\/\/europe-land.eu\/?page_id=1369"},"modified":"2026-04-01T20:21:11","modified_gmt":"2026-04-01T18:21:11","slug":"iacs-data-community-of-practice","status":"publish","type":"page","link":"https:\/\/europe-land.eu\/de\/iacs-data-community-of-practice\/","title":{"rendered":"IACS Community of Practice"},"content":{"rendered":"<div class=\"wp-block-media-text is-stacked-on-mobile\" style=\"grid-template-columns:39% auto\"><figure class=\"wp-block-media-text__media\"><img loading=\"lazy\" decoding=\"async\" width=\"498\" height=\"186\" src=\"https:\/\/europe-land.eu\/wp-content\/uploads\/IACS-CoP-logo-2-2.png\" alt=\"\" class=\"wp-image-2333 size-full\" srcset=\"https:\/\/europe-land.eu\/wp-content\/uploads\/IACS-CoP-logo-2-2.png 498w, https:\/\/europe-land.eu\/wp-content\/uploads\/IACS-CoP-logo-2-2-300x112.png 300w, https:\/\/europe-land.eu\/wp-content\/uploads\/IACS-CoP-logo-2-2-18x7.png 18w\" sizes=\"auto, (max-width: 498px) 100vw, 498px\" \/><\/figure><div class=\"wp-block-media-text__content\">\n<p><strong>Following our Europe-LAND expert workshop on IACS data in February 2025, we launched a dedicated IACS Data Community of Practice. This self-sustaining community of 40+ members connects researchers, policy makers and practitioners together, encouraging shared insights and collaborative research related to agricultural land use data.<\/strong><\/p>\n<\/div><\/div>\n\n\n\n<p>With members from over 10 countries, this community is dynamic and ever-growing. Interested in staying informed about the latest developments in IACS data research and connecting with likeminded experts? <strong><a href=\"https:\/\/forms.office.com\/Pages\/ResponsePage.aspx?id=jaxsLGGrs0eCCU3y5GrvvJZP4rib2WVFqb_7cBBU9q5URE1ERzJEMEdTWjBVRU0wUUhZS1hNMU5LTC4u\">Join now!<\/a><\/strong><\/p>\n\n\n\n<p>Through regular virtual and in-person meetings, the various IACS data topics you can contribute to include:<\/p>\n\n\n\n<ul class=\"wp-block-list\">\n<li><strong>Leitfaden + Papier\/Ver\u00f6ffentlichung (Herausforderungen und L\u00f6sungen) <\/strong>- Entwicklung von Ressourcen zur Dokumentation und Bew\u00e4ltigung von Herausforderungen bei der Nutzung von InVeKoS-Daten. <\/li>\n\n\n\n<li><strong>Politik\/Stellungnahme kurz<\/strong> - Erstellung pr\u00e4gnanter Berichte mit politischen Empfehlungen auf der Grundlage der InVeKoS-Daten.<\/li>\n\n\n\n<li><strong>Liste der Interventionen (im InVeKoS oder AEMS)<\/strong> - Erstellung eines \u00dcberblicks \u00fcber die im Rahmen von InVeKoS oder AEMS durchgef\u00fchrten Ma\u00dfnahmen f\u00fcr Forschung und Politik.<\/li>\n\n\n\n<li><strong>Optimale\" Standorte von Ma\u00dfnahmen vs. reale Umsetzung<\/strong> - Analyse der Unterschiede zwischen der idealen Platzierung der Ma\u00dfnahmen und der tats\u00e4chlichen Umsetzung.<\/li>\n\n\n\n<li><strong>Verwendung des EU-weiten InVeKoS (Kulturpflanzenvielfalt\/Fruchtfolge)<\/strong> - Die Auswertung von InVeKoS-Daten gibt Aufschluss \u00fcber die Vielfalt der Kulturen und Fruchtfolgen in Europa.<\/li>\n\n\n\n<li><strong>Neue Vorschl\u00e4ge (z. B. zu Stickstoff und Landnutzungsintensit\u00e4t)<\/strong> - Ausarbeitung von Forschungs- oder Politikvorschl\u00e4gen zum Stickstoffeinsatz und zur Landnutzungsintensit\u00e4t.<\/li>\n\n\n\n<li><strong>Netzwerk von InVeKoS-Experten \/ Community of Practice<\/strong> - Aufbau eines Netzes f\u00fcr den Wissensaustausch und die Zusammenarbeit zu InVeKoS-Themen.<\/li>\n\n\n\n<li><strong>Ausweitung der InVeKoS-Datenbank<\/strong> - Erweiterung der InVeKoS-Datenbank durch zus\u00e4tzliche Datens\u00e4tze und verbesserte Standardisierung.<\/li>\n\n\n\n<li><strong>Datenintegration\/-anreicherung<\/strong> - Kombination von InVeKoS-Daten mit anderen Quellen f\u00fcr umfassendere Analysen.<\/li>\n\n\n\n<li><strong>Identifizierung geeigneter Finanzierungsm\u00f6glichkeiten (und Reaktion darauf)<\/strong> - Suche nach und Beantragung von Finanzierungsm\u00f6glichkeiten f\u00fcr IACS-bezogene Forschung.<\/li>\n<\/ul>\n\n\n<div class=\"wp-block-ub-divider ub_divider ub-divider-orientation-horizontal\" id=\"ub_divider_5c33375f-5cdd-495b-877f-2bbd1fe1ca0e\"><div class=\"ub_divider_wrapper\" style=\"position: relative; margin-bottom: 2px; width: 100%; height: 2px; \" data-divider-alignment=\"center\"><div class=\"ub_divider_line\" style=\"border-top: 2px solid #ccc; margin-top: 2px; \"><\/div><\/div><\/div>\n\n\n<div style=\"height:20px\" aria-hidden=\"true\" class=\"wp-block-spacer\"><\/div>\n\n\n\n<p class=\"has-text-align-center\"><strong>Interested in learning more about our work with IACS data? Check out our <a href=\"https:\/\/zenodo.org\/records\/18670815\" data-type=\"link\" data-id=\"https:\/\/zenodo.org\/records\/18670815\">Harmonized IACS Data Inventory on Zenodo<\/a> and <a href=\"https:\/\/european-land-use.podigee.io\/2-neue-episode\" data-type=\"link\" data-id=\"https:\/\/european-land-use.podigee.io\/2-neue-episode\">listen to our podcast<\/a> with expert Clemens J\u00e4nicke of Leibniz Institute of Agricultural Development in Transition Economies (IAMO).<\/strong><\/p>","protected":false},"excerpt":{"rendered":"<p>Following our Europe-LAND expert workshop on IACS data in February 2025, we launched a dedicated IACS Data Community of Practice. This self-sustaining community of 40+&hellip;<\/p>","protected":false},"author":6,"featured_media":0,"parent":0,"menu_order":0,"comment_status":"closed","ping_status":"closed","template":"","meta":{"footnotes":""},"class_list":["post-1369","page","type-page","status-publish","hentry"],"featured_image_url":[],"post_author":"Megan Curling","assigned_categories":"","featured_image_src":null,"_links":{"self":[{"href":"https:\/\/europe-land.eu\/de\/wp-json\/wp\/v2\/pages\/1369","targetHints":{"allow":["GET"]}}],"collection":[{"href":"https:\/\/europe-land.eu\/de\/wp-json\/wp\/v2\/pages"}],"about":[{"href":"https:\/\/europe-land.eu\/de\/wp-json\/wp\/v2\/types\/page"}],"author":[{"embeddable":true,"href":"https:\/\/europe-land.eu\/de\/wp-json\/wp\/v2\/users\/6"}],"replies":[{"embeddable":true,"href":"https:\/\/europe-land.eu\/de\/wp-json\/wp\/v2\/comments?post=1369"}],"version-history":[{"count":10,"href":"https:\/\/europe-land.eu\/de\/wp-json\/wp\/v2\/pages\/1369\/revisions"}],"predecessor-version":[{"id":2497,"href":"https:\/\/europe-land.eu\/de\/wp-json\/wp\/v2\/pages\/1369\/revisions\/2497"}],"wp:attachment":[{"href":"https:\/\/europe-land.eu\/de\/wp-json\/wp\/v2\/media?parent=1369"}],"curies":[{"name":"wp","href":"https:\/\/api.w.org\/{rel}","templated":true}]}}