{"id":167,"date":"2023-10-20T10:12:42","date_gmt":"2023-10-20T08:12:42","guid":{"rendered":"https:\/\/europe-land.eu\/?page_id=167"},"modified":"2026-03-27T10:55:21","modified_gmt":"2026-03-27T09:55:21","slug":"contact","status":"publish","type":"page","link":"https:\/\/europe-land.eu\/da\/contact\/","title":{"rendered":"Kontakt"},"content":{"rendered":"<p><strong>Franziska Wolf<\/strong><\/p>\n\n\n\n<p>Hamborgs universitet for anvendt videnskab<br>Det Biovidenskabelige Fakultet<br>Research and Transfer Centre \u201eSustainable Development and Climate Change Management\u201c<\/p>\n\n\n\n<p>Ulmenliet 20<br>D-21033 Hamborg, Tyskland<\/p>\n\n\n\n<p><a href=\"mailto:info@europe-land.eu\" target=\"_blank\" rel=\"noreferrer noopener\">info@europe-land.eu<\/a><\/p>\n\n\n\n<p>T +49 40 428 75 6324<br>F +49 40 428 75 6079<\/p>\n\n\n<div class=\"wp-block-ub-divider ub_divider ub-divider-orientation-horizontal\" id=\"ub_divider_fc24d9ec-a8f9-41ae-bfa1-be2eaddea81a\"><div class=\"ub_divider_wrapper\" style=\"position: relative; margin-bottom: 2px; width: 100%; height: 2px; \" data-divider-alignment=\"center\"><div class=\"ub_divider_line\" style=\"border-top: 2px solid #ccc; margin-top: 2px; \"><\/div><\/div><\/div>\n\n\n<h3 class=\"wp-block-heading\"><strong>Ansvarlig i henhold til Telemedia Act (TMG) \u00a75:<\/strong><\/h3>\n\n\n\n<p>Hamborgs universitet for anvendt videnskab (HAW Hamburg)<br>Berliner Tor 5<br>20099 Hamborg<br>Tyskland<\/p>\n\n\n\n<p>Tlf: +49.40.428 75-0<br>Fax: +49.40.428 75 91 49<\/p>\n\n\n<div class=\"wp-block-ub-divider ub_divider ub-divider-orientation-horizontal\" id=\"ub_divider_2dcda59f-287d-45ed-841d-cae8a9728808\"><div class=\"ub_divider_wrapper\" style=\"position: relative; margin-bottom: 2px; width: 100%; height: 2px; \" data-divider-alignment=\"center\"><div class=\"ub_divider_line\" style=\"border-top: 2px solid #ccc; margin-top: 2px; \"><\/div><\/div><\/div>\n\n\n<h3 class=\"wp-block-heading\"><strong>Juridisk form og juridisk repr\u00e6sentation<\/strong><\/h3>\n\n\n\n<p>HAW Hamburg (Hamburg University of Applied Sciences) er et offentligretligt selskab.<br>HAW Hamburg er juridisk repr\u00e6senteret af Prof. Dr. Ute Lohrentz, formand for HAW Hamburg, Berliner Tor 5, D-20099 Hamburg.<br>Den regulerende myndighed er myndigheden for videnskab og forskning i den frie og hanseatiske by Hamborg, Hamburger Stra\u00dfe 37, D-22083 Hamborg.<br>Moms-id-nummer: DE 246571598<\/p>\n\n\n<div class=\"wp-block-ub-divider ub_divider ub-divider-orientation-horizontal\" id=\"ub_divider_d279c789-a1ea-4bf1-80cc-0ba9bba56733\"><div class=\"ub_divider_wrapper\" style=\"position: relative; margin-bottom: 2px; width: 100%; height: 2px; \" data-divider-alignment=\"center\"><div class=\"ub_divider_line\" style=\"border-top: 2px solid #ccc; margin-top: 2px; \"><\/div><\/div><\/div>\n\n\n<h3 class=\"wp-block-heading\"><strong>Ansvarlig for indholdet p\u00e5 denne hjemmeside<\/strong><\/h3>\n\n\n\n<p>Prof. Dr. Walter Leal<br>Leder af forsknings- og overf\u00f8rselscentret \"Anvendelser af biovidenskab\"<br>HAW Hamburg, Det Biovidenskabelige Fakultet<br>Ulmenliet 20<br>21033 Hamborg<\/p>\n\n\n\n<p>Tlf: +49 4042875 6313<br>Fax: +49 4042875 6079<\/p>\n\n\n\n<p>Webdesign: Ralf Erat, <a rel=\"noreferrer noopener\" href=\"https:\/\/seitenprofi.de\" target=\"_blank\">seitenprofi.de<\/a><\/p>\n\n\n\n<p>Billeder: <a rel=\"noreferrer noopener\" href=\"https:\/\/pixabay.com\" target=\"_blank\">pixabay<\/a><\/p>\n\n\n<div class=\"wp-block-ub-divider ub_divider ub-divider-orientation-horizontal\" id=\"ub_divider_52f9ebee-17d0-4e62-867a-30d17309a636\"><div class=\"ub_divider_wrapper\" style=\"position: relative; margin-bottom: 2px; width: 100%; height: 2px; \" data-divider-alignment=\"center\"><div class=\"ub_divider_line\" style=\"border-top: 2px solid #ccc; margin-top: 2px; \"><\/div><\/div><\/div>\n\n\n<h3 class=\"wp-block-heading\"><strong>Ansvarsfraskrivelse<\/strong><\/h3>\n\n\n\n<p><strong>Begr\u00e6nsning af ansvar for internt indhold<\/strong><br>Indholdet p\u00e5 vores hjemmeside er udarbejdet med stor omhu og efter vores bedste overbevisning. Vi kan dog ikke p\u00e5tage os noget ansvar for aktualiteten, fuldst\u00e6ndigheden eller n\u00f8jagtigheden af nogen af siderne.<\/p>\n\n\n\n<p>I henhold til \u00a7 7, stk. 1 i TMG (Telemediengesetz) er vi som tjenesteudbydere ansvarlige for vores eget indhold p\u00e5 disse sider i overensstemmelse med de almindelige love. I henhold til \u00a7\u00a7 8 til 10 i TMG er vi som tjenesteudbydere dog ikke forpligtet til at overv\u00e5ge eksterne oplysninger, der stilles til r\u00e5dighed eller lagres p\u00e5 vores websted. S\u00e5 snart vi bliver opm\u00e6rksomme p\u00e5 en konkret lovovertr\u00e6delse, vil vi straks fjerne det p\u00e5g\u00e6ldende indhold. Et eventuelt ansvar i denne forbindelse kan kun p\u00e5tages fra det tidspunkt, hvor vi bliver bekendt med overtr\u00e6delsen.<\/p>\n\n\n\n<p><strong>Begr\u00e6nsning af ansvar for eksterne links<\/strong><br>Vores hjemmeside indeholder links til tredjeparters hjemmesider (\"eksterne links\"). Da indholdet af disse hjemmesider ikke er under vores kontrol, kan vi ikke p\u00e5tage os noget ansvar for s\u00e5dant eksternt indhold. I alle tilf\u00e6lde er udbyderen af oplysninger p\u00e5 de linkede websteder ansvarlig for indholdet og n\u00f8jagtigheden af de leverede oplysninger. P\u00e5 det tidspunkt, hvor linkene blev placeret, kunne vi ikke konstatere nogen lovovertr\u00e6delser. S\u00e5 snart vi f\u00e5r kendskab til en lovovertr\u00e6delse, vil vi straks fjerne det p\u00e5g\u00e6ldende link.<\/p>\n\n\n\n<p><strong>Ophavsret<\/strong><br>Indholdet og v\u00e6rkerne, der offentligg\u00f8res p\u00e5 dette websted, er underlagt den tyske lov om ophavsret. Enhver kopiering, bearbejdning, distribution eller anden form for anvendelse, der g\u00e5r ud over ophavsretten, kr\u00e6ver forudg\u00e5ende skriftligt samtykke fra den eller de p\u00e5g\u00e6ldende forfattere.<\/p>","protected":false},"excerpt":{"rendered":"<p>Franziska Wolf Hamburg University of Applied SciencesFaculty of Life SciencesResearch and Transfer Centre \u201eSustainable Development and Climate Change Management\u201c Ulmenliet 20D-21033 Hamburg, Germany info@europe-land.eu T&hellip;<\/p>","protected":false},"author":1,"featured_media":0,"parent":0,"menu_order":0,"comment_status":"closed","ping_status":"closed","template":"","meta":{"footnotes":""},"class_list":["post-167","page","type-page","status-publish","hentry"],"featured_image_url":[],"post_author":"Ralf","assigned_categories":"","featured_image_src":null,"_links":{"self":[{"href":"https:\/\/europe-land.eu\/da\/wp-json\/wp\/v2\/pages\/167","targetHints":{"allow":["GET"]}}],"collection":[{"href":"https:\/\/europe-land.eu\/da\/wp-json\/wp\/v2\/pages"}],"about":[{"href":"https:\/\/europe-land.eu\/da\/wp-json\/wp\/v2\/types\/page"}],"author":[{"embeddable":true,"href":"https:\/\/europe-land.eu\/da\/wp-json\/wp\/v2\/users\/1"}],"replies":[{"embeddable":true,"href":"https:\/\/europe-land.eu\/da\/wp-json\/wp\/v2\/comments?post=167"}],"version-history":[{"count":3,"href":"https:\/\/europe-land.eu\/da\/wp-json\/wp\/v2\/pages\/167\/revisions"}],"predecessor-version":[{"id":2213,"href":"https:\/\/europe-land.eu\/da\/wp-json\/wp\/v2\/pages\/167\/revisions\/2213"}],"wp:attachment":[{"href":"https:\/\/europe-land.eu\/da\/wp-json\/wp\/v2\/media?parent=167"}],"curies":[{"name":"wp","href":"https:\/\/api.w.org\/{rel}","templated":true}]}}