{"id":1369,"date":"2025-03-24T12:44:57","date_gmt":"2025-03-24T11:44:57","guid":{"rendered":"https:\/\/europe-land.eu\/?page_id=1369"},"modified":"2026-04-01T20:21:11","modified_gmt":"2026-04-01T18:21:11","slug":"iacs-data-community-of-practice","status":"publish","type":"page","link":"https:\/\/europe-land.eu\/da\/iacs-data-community-of-practice\/","title":{"rendered":"IACS Community of Practice"},"content":{"rendered":"<div class=\"wp-block-media-text is-stacked-on-mobile\" style=\"grid-template-columns:39% auto\"><figure class=\"wp-block-media-text__media\"><img loading=\"lazy\" decoding=\"async\" width=\"498\" height=\"186\" src=\"https:\/\/europe-land.eu\/wp-content\/uploads\/IACS-CoP-logo-2-2.png\" alt=\"\" class=\"wp-image-2333 size-full\" srcset=\"https:\/\/europe-land.eu\/wp-content\/uploads\/IACS-CoP-logo-2-2.png 498w, https:\/\/europe-land.eu\/wp-content\/uploads\/IACS-CoP-logo-2-2-300x112.png 300w, https:\/\/europe-land.eu\/wp-content\/uploads\/IACS-CoP-logo-2-2-18x7.png 18w\" sizes=\"auto, (max-width: 498px) 100vw, 498px\" \/><\/figure><div class=\"wp-block-media-text__content\">\n<p><strong>Following our Europe-LAND expert workshop on IACS data in February 2025, we launched a dedicated IACS Data Community of Practice. This self-sustaining community of 40+ members connects researchers, policy makers and practitioners together, encouraging shared insights and collaborative research related to agricultural land use data.<\/strong><\/p>\n<\/div><\/div>\n\n\n\n<p>With members from over 10 countries, this community is dynamic and ever-growing. Interested in staying informed about the latest developments in IACS data research and connecting with likeminded experts? <strong><a href=\"https:\/\/forms.office.com\/Pages\/ResponsePage.aspx?id=jaxsLGGrs0eCCU3y5GrvvJZP4rib2WVFqb_7cBBU9q5URE1ERzJEMEdTWjBVRU0wUUhZS1hNMU5LTC4u\">Join now!<\/a><\/strong><\/p>\n\n\n\n<p>Through regular virtual and in-person meetings, the various IACS data topics you can contribute to include:<\/p>\n\n\n\n<ul class=\"wp-block-list\">\n<li><strong>Brug guide + papir\/publikation (udfordringer og l\u00f8sninger) <\/strong>- Udvikling af ressourcer til at dokumentere og h\u00e5ndtere udfordringer ved brug af IACS-data. <\/li>\n\n\n\n<li><strong>Briefing om politik\/udtalelser<\/strong> - Udarbejdelse af kortfattede rapporter med politiske anbefalinger baseret p\u00e5 IACS-dataindsigt.<\/li>\n\n\n\n<li><strong>Liste over interventioner (i IACS eller AEMS)<\/strong> - Udarbejdelse af en oversigt over implementerede foranstaltninger inden for IACS eller AEMS til brug for forskning og politik.<\/li>\n\n\n\n<li><strong>'Optimale' placeringer af tiltag vs. implementering i den virkelige verden<\/strong> - Analyse af forskelle mellem ideel placering af foranstaltninger og faktisk implementering.<\/li>\n\n\n\n<li><strong>Brug af EU-d\u00e6kkende IACS (afgr\u00f8dediversitet\/rotation)<\/strong> - Udforskning af IACS-data for at f\u00e5 indsigt i afgr\u00f8dediversitet og s\u00e6dskifte i hele Europa.<\/li>\n\n\n\n<li><strong>Nye forslag (f.eks. om kv\u00e6lstof og arealanvendelsesintensitet)<\/strong> - Udvikling af forskning eller politiske forslag om kv\u00e6lstofanvendelse og arealanvendelsesintensitet.<\/li>\n\n\n\n<li><strong>Netv\u00e6rk af IACS-eksperter \/ Community of Practice<\/strong> - Opbygning af et netv\u00e6rk til udveksling af viden og samarbejde om IACS-emner.<\/li>\n\n\n\n<li><strong>Udvidelse af IACS-databasen<\/strong> - Forbedring af IACS-databasen med yderligere datas\u00e6t og forbedret standardisering.<\/li>\n\n\n\n<li><strong>Integration\/berigelse af data<\/strong> - Kombination af IACS-data med andre kilder til mere omfattende analyser.<\/li>\n\n\n\n<li><strong>Identificere (og reagere p\u00e5) passende finansieringsmuligheder<\/strong> - At finde og ans\u00f8ge om finansieringsmuligheder for IACS-relateret forskning.<\/li>\n<\/ul>\n\n\n<div class=\"wp-block-ub-divider ub_divider ub-divider-orientation-horizontal\" id=\"ub_divider_5c33375f-5cdd-495b-877f-2bbd1fe1ca0e\"><div class=\"ub_divider_wrapper\" style=\"position: relative; margin-bottom: 2px; width: 100%; height: 2px; \" data-divider-alignment=\"center\"><div class=\"ub_divider_line\" style=\"border-top: 2px solid #ccc; margin-top: 2px; \"><\/div><\/div><\/div>\n\n\n<div style=\"height:20px\" aria-hidden=\"true\" class=\"wp-block-spacer\"><\/div>\n\n\n\n<p class=\"has-text-align-center\"><strong>Interested in learning more about our work with IACS data? Check out our <a href=\"https:\/\/zenodo.org\/records\/18670815\" data-type=\"link\" data-id=\"https:\/\/zenodo.org\/records\/18670815\">Harmonized IACS Data Inventory on Zenodo<\/a> og <a href=\"https:\/\/european-land-use.podigee.io\/2-neue-episode\" data-type=\"link\" data-id=\"https:\/\/european-land-use.podigee.io\/2-neue-episode\">listen to our podcast<\/a> with expert Clemens J\u00e4nicke of Leibniz Institute of Agricultural Development in Transition Economies (IAMO).<\/strong><\/p>","protected":false},"excerpt":{"rendered":"<p>Following our Europe-LAND expert workshop on IACS data in February 2025, we launched a dedicated IACS Data Community of Practice. This self-sustaining community of 40+&hellip;<\/p>","protected":false},"author":6,"featured_media":0,"parent":0,"menu_order":0,"comment_status":"closed","ping_status":"closed","template":"","meta":{"footnotes":""},"class_list":["post-1369","page","type-page","status-publish","hentry"],"featured_image_url":[],"post_author":"Megan Curling","assigned_categories":"","featured_image_src":null,"_links":{"self":[{"href":"https:\/\/europe-land.eu\/da\/wp-json\/wp\/v2\/pages\/1369","targetHints":{"allow":["GET"]}}],"collection":[{"href":"https:\/\/europe-land.eu\/da\/wp-json\/wp\/v2\/pages"}],"about":[{"href":"https:\/\/europe-land.eu\/da\/wp-json\/wp\/v2\/types\/page"}],"author":[{"embeddable":true,"href":"https:\/\/europe-land.eu\/da\/wp-json\/wp\/v2\/users\/6"}],"replies":[{"embeddable":true,"href":"https:\/\/europe-land.eu\/da\/wp-json\/wp\/v2\/comments?post=1369"}],"version-history":[{"count":10,"href":"https:\/\/europe-land.eu\/da\/wp-json\/wp\/v2\/pages\/1369\/revisions"}],"predecessor-version":[{"id":2497,"href":"https:\/\/europe-land.eu\/da\/wp-json\/wp\/v2\/pages\/1369\/revisions\/2497"}],"wp:attachment":[{"href":"https:\/\/europe-land.eu\/da\/wp-json\/wp\/v2\/media?parent=1369"}],"curies":[{"name":"wp","href":"https:\/\/api.w.org\/{rel}","templated":true}]}}