{"id":167,"date":"2023-10-20T10:12:42","date_gmt":"2023-10-20T08:12:42","guid":{"rendered":"https:\/\/europe-land.eu\/?page_id=167"},"modified":"2026-03-27T10:55:21","modified_gmt":"2026-03-27T09:55:21","slug":"contact","status":"publish","type":"page","link":"https:\/\/europe-land.eu\/cs\/contact\/","title":{"rendered":"Kontakt"},"content":{"rendered":"<p><strong>Franziska Wolf<\/strong><\/p>\n\n\n\n<p>Univerzita aplikovan\u00fdch v\u011bd v Hamburku<br>Fakulta p\u0159\u00edrodn\u00edch v\u011bd<br>Research and Transfer Centre \u201eSustainable Development and Climate Change Management\u201c<\/p>\n\n\n\n<p>Ulmenliet 20<br>D-21033 Hamburk, N\u011bmecko<\/p>\n\n\n\n<p><a href=\"mailto:info@europe-land.eu\" target=\"_blank\" rel=\"noreferrer noopener\">info@europe-land.eu<\/a><\/p>\n\n\n\n<p>T +49 40 428 75 6324<br>F +49 40 428 75 6079<\/p>\n\n\n<div class=\"wp-block-ub-divider ub_divider ub-divider-orientation-horizontal\" id=\"ub_divider_fc24d9ec-a8f9-41ae-bfa1-be2eaddea81a\"><div class=\"ub_divider_wrapper\" style=\"position: relative; margin-bottom: 2px; width: 100%; height: 2px; \" data-divider-alignment=\"center\"><div class=\"ub_divider_line\" style=\"border-top: 2px solid #ccc; margin-top: 2px; \"><\/div><\/div><\/div>\n\n\n<h3 class=\"wp-block-heading\"><strong>Odpov\u011bdnost podle z\u00e1kona o telem\u00e9di\u00edch (TMG) \u00a75:<\/strong><\/h3>\n\n\n\n<p>Univerzita aplikovan\u00fdch v\u011bd v Hamburku (HAW Hamburg)<br>Berliner Tor 5<br>20099 Hamburk<br>N\u011bmecko<\/p>\n\n\n\n<p>Tel: +49.40.428 75-0<br>Fax: +49.40.428 75 91 49<\/p>\n\n\n<div class=\"wp-block-ub-divider ub_divider ub-divider-orientation-horizontal\" id=\"ub_divider_2dcda59f-287d-45ed-841d-cae8a9728808\"><div class=\"ub_divider_wrapper\" style=\"position: relative; margin-bottom: 2px; width: 100%; height: 2px; \" data-divider-alignment=\"center\"><div class=\"ub_divider_line\" style=\"border-top: 2px solid #ccc; margin-top: 2px; \"><\/div><\/div><\/div>\n\n\n<h3 class=\"wp-block-heading\"><strong>Pr\u00e1vn\u00ed forma a pr\u00e1vn\u00ed zastoupen\u00ed<\/strong><\/h3>\n\n\n\n<p>HAW Hamburg (Hamburg University of Applied Sciences) je ve\u0159ejnopr\u00e1vn\u00ed korporace.<br>HAW Hamburg pr\u00e1vn\u011b zastupuje Prof. Dr. Ute Lohrentz, prezidentka HAW Hamburg, Berliner Tor 5, D-20099 Hamburg.<br>Regula\u010dn\u00edm org\u00e1nem je \u00da\u0159ad pro v\u011bdu a v\u00fdzkum Svobodn\u00e9ho a hanzovn\u00edho m\u011bsta Hamburk, Hamburger Stra\u00dfe 37, D-22083 Hamburk.<br>Identifika\u010dn\u00ed \u010d\u00edslo pro DPH: DE 246571598<\/p>\n\n\n<div class=\"wp-block-ub-divider ub_divider ub-divider-orientation-horizontal\" id=\"ub_divider_d279c789-a1ea-4bf1-80cc-0ba9bba56733\"><div class=\"ub_divider_wrapper\" style=\"position: relative; margin-bottom: 2px; width: 100%; height: 2px; \" data-divider-alignment=\"center\"><div class=\"ub_divider_line\" style=\"border-top: 2px solid #ccc; margin-top: 2px; \"><\/div><\/div><\/div>\n\n\n<h3 class=\"wp-block-heading\"><strong>Odpov\u011bdnost za obsah t\u011bchto webov\u00fdch str\u00e1nek<\/strong><\/h3>\n\n\n\n<p>Prof. Dr. Walter Leal<br>Vedouc\u00ed v\u00fdzkumn\u00e9ho a transferov\u00e9ho centra \"Aplikace v\u011bd o \u017eiv\u00e9 p\u0159\u00edrod\u011b\"<br>HAW Hamburg, Fakulta p\u0159\u00edrodn\u00edch v\u011bd<br>Ulmenliet 20<br>21033 Hamburk<\/p>\n\n\n\n<p>Tel: +49 4042875 6313<br>Fax: +49 4042875 6079<\/p>\n\n\n\n<p>Webdesign: Ralf Erat, <a rel=\"noreferrer noopener\" href=\"https:\/\/seitenprofi.de\" target=\"_blank\">seitenprofi.de<\/a><\/p>\n\n\n\n<p>Obr\u00e1zky: <a rel=\"noreferrer noopener\" href=\"https:\/\/pixabay.com\" target=\"_blank\">pixabay<\/a><\/p>\n\n\n<div class=\"wp-block-ub-divider ub_divider ub-divider-orientation-horizontal\" id=\"ub_divider_52f9ebee-17d0-4e62-867a-30d17309a636\"><div class=\"ub_divider_wrapper\" style=\"position: relative; margin-bottom: 2px; width: 100%; height: 2px; \" data-divider-alignment=\"center\"><div class=\"ub_divider_line\" style=\"border-top: 2px solid #ccc; margin-top: 2px; \"><\/div><\/div><\/div>\n\n\n<h3 class=\"wp-block-heading\"><strong>Odm\u00edtnut\u00ed odpov\u011bdnosti<\/strong><\/h3>\n\n\n\n<p><strong>Omezen\u00ed odpov\u011bdnosti za intern\u00ed obsah<\/strong><br>Obsah na\u0161ich webov\u00fdch str\u00e1nek byl sestaven s pe\u010dlivost\u00ed a podle na\u0161ich nejlep\u0161\u00edch znalost\u00ed. Nem\u016f\u017eeme v\u0161ak p\u0159evz\u00edt \u017e\u00e1dnou odpov\u011bdnost za aktu\u00e1lnost, \u00faplnost nebo p\u0159esnost kter\u00e9koli ze str\u00e1nek.<\/p>\n\n\n\n<p>Podle \u00a7 7 odst. 1 TMG (Telemediengesetz - z\u00e1kon o telem\u00e9di\u00edch podle n\u011bmeck\u00e9ho pr\u00e1va) neseme jako poskytovatel\u00e9 slu\u017eeb odpov\u011bdnost za vlastn\u00ed obsah na t\u011bchto str\u00e1nk\u00e1ch v souladu s obecn\u00fdmi pr\u00e1vn\u00edmi p\u0159edpisy. Podle \u00a7 8 a\u017e 10 TMG v\u0161ak nejsme jako poskytovatel\u00e9 slu\u017eeb povinni sledovat extern\u00ed informace poskytovan\u00e9 nebo ulo\u017een\u00e9 na na\u0161ich webov\u00fdch str\u00e1nk\u00e1ch. Jakmile se dozv\u00edme o konkr\u00e9tn\u00edm poru\u0161en\u00ed z\u00e1kona, p\u0159\u00edslu\u0161n\u00fd obsah neprodlen\u011b odstran\u00edme. Jakoukoli odpov\u011bdnost t\u00fdkaj\u00edc\u00ed se t\u00e9to z\u00e1le\u017eitosti lze p\u0159evz\u00edt a\u017e od okam\u017eiku, kdy se o poru\u0161en\u00ed dozv\u00edme.<\/p>\n\n\n\n<p><strong>Omezen\u00ed odpov\u011bdnosti za extern\u00ed odkazy<\/strong><br>Na\u0161e webov\u00e9 str\u00e1nky obsahuj\u00ed odkazy na webov\u00e9 str\u00e1nky t\u0159et\u00edch stran (\"extern\u00ed odkazy\"). Vzhledem k tomu, \u017ee obsah t\u011bchto webov\u00fdch str\u00e1nek nen\u00ed pod na\u0161\u00ed kontrolou, nem\u016f\u017eeme za tento extern\u00ed obsah n\u00e9st \u017e\u00e1dnou odpov\u011bdnost. Ve v\u0161ech p\u0159\u00edpadech odpov\u00edd\u00e1 za obsah a spr\u00e1vnost poskytovan\u00fdch informac\u00ed poskytovatel informac\u00ed na odkazovan\u00fdch webov\u00fdch str\u00e1nk\u00e1ch. V okam\u017eiku um\u00edst\u011bn\u00ed odkaz\u016f jsme nerozpoznali \u017e\u00e1dn\u00e9 poru\u0161en\u00ed z\u00e1kona. Jakmile n\u00e1m bude poru\u0161en\u00ed z\u00e1kona zn\u00e1mo, p\u0159\u00edslu\u0161n\u00fd odkaz neprodlen\u011b odstran\u00edme.<\/p>\n\n\n\n<p><strong>Autorsk\u00e1 pr\u00e1va<\/strong><br>Obsah a d\u00edla zve\u0159ejn\u011bn\u00e1 na t\u011bchto webov\u00fdch str\u00e1nk\u00e1ch se \u0159\u00edd\u00ed n\u011bmeck\u00fdmi z\u00e1kony o autorsk\u00fdch pr\u00e1vech. Jak\u00e9koli kop\u00edrov\u00e1n\u00ed, zpracov\u00e1n\u00ed, \u0161\u00ed\u0159en\u00ed nebo jak\u00e1koli forma vyu\u017eit\u00ed nad r\u00e1mec autorsk\u00e9ho z\u00e1kona vy\u017eaduje p\u0159edchoz\u00ed p\u00edsemn\u00fd souhlas p\u0159\u00edslu\u0161n\u00e9ho autora nebo autor\u016f.<\/p>","protected":false},"excerpt":{"rendered":"<p>Franziska Wolf Hamburg University of Applied SciencesFaculty of Life SciencesResearch and Transfer Centre \u201eSustainable Development and Climate Change Management\u201c Ulmenliet 20D-21033 Hamburg, Germany info@europe-land.eu T&hellip;<\/p>","protected":false},"author":1,"featured_media":0,"parent":0,"menu_order":0,"comment_status":"closed","ping_status":"closed","template":"","meta":{"footnotes":""},"class_list":["post-167","page","type-page","status-publish","hentry"],"featured_image_url":[],"post_author":"Ralf","assigned_categories":"","featured_image_src":null,"_links":{"self":[{"href":"https:\/\/europe-land.eu\/cs\/wp-json\/wp\/v2\/pages\/167","targetHints":{"allow":["GET"]}}],"collection":[{"href":"https:\/\/europe-land.eu\/cs\/wp-json\/wp\/v2\/pages"}],"about":[{"href":"https:\/\/europe-land.eu\/cs\/wp-json\/wp\/v2\/types\/page"}],"author":[{"embeddable":true,"href":"https:\/\/europe-land.eu\/cs\/wp-json\/wp\/v2\/users\/1"}],"replies":[{"embeddable":true,"href":"https:\/\/europe-land.eu\/cs\/wp-json\/wp\/v2\/comments?post=167"}],"version-history":[{"count":3,"href":"https:\/\/europe-land.eu\/cs\/wp-json\/wp\/v2\/pages\/167\/revisions"}],"predecessor-version":[{"id":2213,"href":"https:\/\/europe-land.eu\/cs\/wp-json\/wp\/v2\/pages\/167\/revisions\/2213"}],"wp:attachment":[{"href":"https:\/\/europe-land.eu\/cs\/wp-json\/wp\/v2\/media?parent=167"}],"curies":[{"name":"wp","href":"https:\/\/api.w.org\/{rel}","templated":true}]}}